{"id":2353,"date":"2023-03-03T15:21:51","date_gmt":"2023-03-03T15:21:51","guid":{"rendered":"https:\/\/www.jevadrouille.com\/produit\/jm-weston-6\/"},"modified":"2023-07-10T11:39:46","modified_gmt":"2023-07-10T11:39:46","slug":"chaussures-jm-weston-d-occasion","status":"publish","type":"product","link":"https:\/\/www.jevadrouille.com\/en\/product\/chaussures-jm-weston-d-occasion\/","title":{"rendered":"Mod\u00e8le vintage"},"content":{"rendered":"<p>Avec la d\u00e9marche Vadrouille, vous mettez en mouvement cette paire de chaussures JM Weston.<\/p>\n<p>Ces chaussures d&#8217;occasion, entretenues avec soin par l&#8217;\u00e9quipe Vadrouille, vivront avec vous le temps d&#8217;une autre vie.<\/p>\n<p>En achetant cette paire de Derby de chez JM Weston en seconde main, vous faites une belle action.<\/p>\n","protected":false},"excerpt":{"rendered":"<h2>Chaussures JM Weston d&#8217;Occasion : L&#8217;\u00e9l\u00e9gance \u00e0 prix r\u00e9duit<\/h2>\n<p>Procurez-vous d\u00e8s \u00e0 pr\u00e9sent ces magnifiques paires de JM Weston ! Vadrouille, sp\u00e9cialiste en chaussures haut de gamme de seconde main, vous pr\u00e9sente ces Derby en Marron issus d&#8217;une vaste collection disponible sur le site. Ces souliers en Velours sont parfaits pour vous si vous portez du 8,5. Adoptez d\u00e8s maintenant le style \u00e0 la fran\u00e7aise avec cette sublime paire de la marque limousine.<\/p>\n<p><\/p>\n<h2>JM Weston : le nom incontournable pour des chaussures en cuir d&#8217;excellence<\/h2>\n<p>\u00c9tablie en 1891 \u00e0 Limoges par \u00c9douard Blanchard, JM Weston est aujourd&#8217;hui l&#8217;une des marques pr\u00e9f\u00e9r\u00e9es des personnalit\u00e9s. Reconnue pour son savoir-faire exceptionnel, la maison a construit sa r\u00e9putation intemporelle \u00e0 travers les chroniques parisiennes, les r\u00e9cits captivants et les anecdotes vari\u00e9es. Forte de son ambition de marque \u00e9ternelle, JM Weston s&#8217;est affirm\u00e9e comme une r\u00e9f\u00e9rence in\u00e9gal\u00e9e de la chaussure en cuir.<\/p>\n<p><\/p>\n<h3>Un service client pr\u00eat \u00e0 vous assister<\/h3>\n<p>Une interrogation ? Contactez le service client de Vadrouille ! Disponibles \u00e0 toute heure au 0749228911, nos sp\u00e9cialistes de la chaussure se tiennent pr\u00eats \u00e0 vous aider dans les meilleurs d\u00e9lais.<\/p>\n<p><\/p>\n<h2>Mod\u00e8le vintage, vous cherchiez un mod\u00e8le embl\u00e9matique, il est d\u00e9sormais \u00e0 votre disposition !<\/h2>\n<\/p>\n<p> Sp\u00e9cifications techniques ref A679 &#8211;> Pour plus d\u2019informations et d\u00e9tails<br \/>\ncontactez nous : 07 49 22 89 11<\/p>\n","protected":false},"featured_media":2284,"comment_status":"open","ping_status":"closed","template":"","meta":{"_acf_changed":false,"inline_featured_image":false},"product_brand":[],"product_cat":[17,52],"product_tag":[],"class_list":{"0":"post-2353","1":"product","2":"type-product","3":"status-publish","4":"has-post-thumbnail","6":"product_cat-chaussures","7":"product_cat-jmweston","9":"first","10":"outofstock","11":"sold-individually","12":"taxable","13":"shipping-taxable","14":"purchasable","15":"product-type-simple"},"acf":[],"yoast_head":"<!-- This site is optimized with the Yoast SEO plugin v27.0 - https:\/\/yoast.com\/product\/yoast-seo-wordpress\/ -->\n<title>JM Weston Mod\u00e8le vintage - Vadrouille<\/title>\n<meta name=\"description\" content=\"Cette paire de chaussures d&#039;occasion en velours est entretenue avec soin. En achetant ce derby JM Weston en seconde main, vous faites une belle action.\" \/>\n<meta name=\"robots\" content=\"index, follow, max-snippet:-1, max-image-preview:large, max-video-preview:-1\" \/>\n<link rel=\"canonical\" href=\"https:\/\/www.jevadrouille.com\/produit\/chaussures-jm-weston-d-occasion\/\" \/>\n<meta property=\"og:locale\" content=\"en_US\" \/>\n<meta property=\"og:type\" content=\"article\" \/>\n<meta property=\"og:title\" content=\"JM Weston Mod\u00e8le vintage - Vadrouille\" \/>\n<meta property=\"og:description\" content=\"Cette paire de chaussures d&#039;occasion en velours est entretenue avec soin. En achetant ce derby JM Weston en seconde main, vous faites une belle action.\" \/>\n<meta property=\"og:url\" content=\"https:\/\/www.jevadrouille.com\/produit\/chaussures-jm-weston-d-occasion\/\" \/>\n<meta property=\"og:site_name\" content=\"Vadrouille\" \/>\n<meta property=\"article:modified_time\" content=\"2023-07-10T11:39:46+00:00\" \/>\n<meta property=\"og:image\" content=\"https:\/\/www.jevadrouille.com\/wp-content\/uploads\/2023\/03\/A679-8-scaled.webp\" \/>\n\t<meta property=\"og:image:width\" content=\"1920\" \/>\n\t<meta property=\"og:image:height\" content=\"2560\" \/>\n\t<meta property=\"og:image:type\" content=\"image\/webp\" \/>\n<meta name=\"twitter:card\" content=\"summary_large_image\" \/>\n<meta name=\"twitter:label1\" content=\"Est. reading time\" \/>\n\t<meta name=\"twitter:data1\" content=\"1 minute\" \/>\n<script type=\"application\/ld+json\" class=\"yoast-schema-graph\">{\"@context\":\"https:\/\/schema.org\",\"@graph\":[{\"@type\":\"WebPage\",\"@id\":\"https:\/\/www.jevadrouille.com\/produit\/chaussures-jm-weston-d-occasion\/\",\"url\":\"https:\/\/www.jevadrouille.com\/produit\/chaussures-jm-weston-d-occasion\/\",\"name\":\"JM Weston Mod\u00e8le vintage - Vadrouille\",\"isPartOf\":{\"@id\":\"https:\/\/www.jevadrouille.com\/#website\"},\"primaryImageOfPage\":{\"@id\":\"https:\/\/www.jevadrouille.com\/produit\/chaussures-jm-weston-d-occasion\/#primaryimage\"},\"image\":{\"@id\":\"https:\/\/www.jevadrouille.com\/produit\/chaussures-jm-weston-d-occasion\/#primaryimage\"},\"thumbnailUrl\":\"https:\/\/www.jevadrouille.com\/wp-content\/uploads\/2023\/03\/A679-8-scaled.webp\",\"datePublished\":\"2023-03-03T15:21:51+00:00\",\"dateModified\":\"2023-07-10T11:39:46+00:00\",\"description\":\"Cette paire de chaussures d'occasion en velours est entretenue avec soin. En achetant ce derby JM Weston en seconde main, vous faites une belle action.\",\"breadcrumb\":{\"@id\":\"https:\/\/www.jevadrouille.com\/produit\/chaussures-jm-weston-d-occasion\/#breadcrumb\"},\"inLanguage\":\"en-US\",\"potentialAction\":[{\"@type\":\"ReadAction\",\"target\":[\"https:\/\/www.jevadrouille.com\/produit\/chaussures-jm-weston-d-occasion\/\"]}]},{\"@type\":\"ImageObject\",\"inLanguage\":\"en-US\",\"@id\":\"https:\/\/www.jevadrouille.com\/produit\/chaussures-jm-weston-d-occasion\/#primaryimage\",\"url\":\"https:\/\/www.jevadrouille.com\/wp-content\/uploads\/2023\/03\/A679-8-scaled.webp\",\"contentUrl\":\"https:\/\/www.jevadrouille.com\/wp-content\/uploads\/2023\/03\/A679-8-scaled.webp\",\"width\":1920,\"height\":2560},{\"@type\":\"BreadcrumbList\",\"@id\":\"https:\/\/www.jevadrouille.com\/produit\/chaussures-jm-weston-d-occasion\/#breadcrumb\",\"itemListElement\":[{\"@type\":\"ListItem\",\"position\":1,\"name\":\"Home\",\"item\":\"https:\/\/www.jevadrouille.com\/\"},{\"@type\":\"ListItem\",\"position\":2,\"name\":\"Shop\",\"item\":\"https:\/\/www.jevadrouille.com\/en\/shop\/\"},{\"@type\":\"ListItem\",\"position\":3,\"name\":\"Mod\u00e8le vintage\"}]},{\"@type\":\"WebSite\",\"@id\":\"https:\/\/www.jevadrouille.com\/#website\",\"url\":\"https:\/\/www.jevadrouille.com\/\",\"name\":\"Vadrouille\",\"description\":\"Achetez vos chaussures haut de gamme reconditionn\u00e9es\",\"publisher\":{\"@id\":\"https:\/\/www.jevadrouille.com\/#organization\"},\"potentialAction\":[{\"@type\":\"SearchAction\",\"target\":{\"@type\":\"EntryPoint\",\"urlTemplate\":\"https:\/\/www.jevadrouille.com\/?s={search_term_string}\"},\"query-input\":{\"@type\":\"PropertyValueSpecification\",\"valueRequired\":true,\"valueName\":\"search_term_string\"}}],\"inLanguage\":\"en-US\"},{\"@type\":\"Organization\",\"@id\":\"https:\/\/www.jevadrouille.com\/#organization\",\"name\":\"Vadrouille\",\"url\":\"https:\/\/www.jevadrouille.com\/\",\"logo\":{\"@type\":\"ImageObject\",\"inLanguage\":\"en-US\",\"@id\":\"https:\/\/www.jevadrouille.com\/#\/schema\/logo\/image\/\",\"url\":\"https:\/\/www.jevadrouille.com\/wp-content\/uploads\/2023\/02\/LOGO_VADROUILLE_Q.png\",\"contentUrl\":\"https:\/\/www.jevadrouille.com\/wp-content\/uploads\/2023\/02\/LOGO_VADROUILLE_Q.png\",\"width\":1613,\"height\":617,\"caption\":\"Vadrouille\"},\"image\":{\"@id\":\"https:\/\/www.jevadrouille.com\/#\/schema\/logo\/image\/\"}}]}<\/script>\n<!-- \/ Yoast SEO plugin. -->","yoast_head_json":{"title":"JM Weston Mod\u00e8le vintage - Vadrouille","description":"Cette paire de chaussures d'occasion en velours est entretenue avec soin. En achetant ce derby JM Weston en seconde main, vous faites une belle action.","robots":{"index":"index","follow":"follow","max-snippet":"max-snippet:-1","max-image-preview":"max-image-preview:large","max-video-preview":"max-video-preview:-1"},"canonical":"https:\/\/www.jevadrouille.com\/produit\/chaussures-jm-weston-d-occasion\/","og_locale":"en_US","og_type":"article","og_title":"JM Weston Mod\u00e8le vintage - Vadrouille","og_description":"Cette paire de chaussures d'occasion en velours est entretenue avec soin. En achetant ce derby JM Weston en seconde main, vous faites une belle action.","og_url":"https:\/\/www.jevadrouille.com\/produit\/chaussures-jm-weston-d-occasion\/","og_site_name":"Vadrouille","article_modified_time":"2023-07-10T11:39:46+00:00","og_image":[{"width":1920,"height":2560,"url":"https:\/\/www.jevadrouille.com\/wp-content\/uploads\/2023\/03\/A679-8-scaled.webp","type":"image\/webp"}],"twitter_card":"summary_large_image","twitter_misc":{"Est. reading time":"1 minute"},"schema":{"@context":"https:\/\/schema.org","@graph":[{"@type":"WebPage","@id":"https:\/\/www.jevadrouille.com\/produit\/chaussures-jm-weston-d-occasion\/","url":"https:\/\/www.jevadrouille.com\/produit\/chaussures-jm-weston-d-occasion\/","name":"JM Weston Mod\u00e8le vintage - Vadrouille","isPartOf":{"@id":"https:\/\/www.jevadrouille.com\/#website"},"primaryImageOfPage":{"@id":"https:\/\/www.jevadrouille.com\/produit\/chaussures-jm-weston-d-occasion\/#primaryimage"},"image":{"@id":"https:\/\/www.jevadrouille.com\/produit\/chaussures-jm-weston-d-occasion\/#primaryimage"},"thumbnailUrl":"https:\/\/www.jevadrouille.com\/wp-content\/uploads\/2023\/03\/A679-8-scaled.webp","datePublished":"2023-03-03T15:21:51+00:00","dateModified":"2023-07-10T11:39:46+00:00","description":"Cette paire de chaussures d'occasion en velours est entretenue avec soin. En achetant ce derby JM Weston en seconde main, vous faites une belle action.","breadcrumb":{"@id":"https:\/\/www.jevadrouille.com\/produit\/chaussures-jm-weston-d-occasion\/#breadcrumb"},"inLanguage":"en-US","potentialAction":[{"@type":"ReadAction","target":["https:\/\/www.jevadrouille.com\/produit\/chaussures-jm-weston-d-occasion\/"]}]},{"@type":"ImageObject","inLanguage":"en-US","@id":"https:\/\/www.jevadrouille.com\/produit\/chaussures-jm-weston-d-occasion\/#primaryimage","url":"https:\/\/www.jevadrouille.com\/wp-content\/uploads\/2023\/03\/A679-8-scaled.webp","contentUrl":"https:\/\/www.jevadrouille.com\/wp-content\/uploads\/2023\/03\/A679-8-scaled.webp","width":1920,"height":2560},{"@type":"BreadcrumbList","@id":"https:\/\/www.jevadrouille.com\/produit\/chaussures-jm-weston-d-occasion\/#breadcrumb","itemListElement":[{"@type":"ListItem","position":1,"name":"Home","item":"https:\/\/www.jevadrouille.com\/"},{"@type":"ListItem","position":2,"name":"Shop","item":"https:\/\/www.jevadrouille.com\/en\/shop\/"},{"@type":"ListItem","position":3,"name":"Mod\u00e8le vintage"}]},{"@type":"WebSite","@id":"https:\/\/www.jevadrouille.com\/#website","url":"https:\/\/www.jevadrouille.com\/","name":"Vadrouille","description":"Achetez vos chaussures haut de gamme reconditionn\u00e9es","publisher":{"@id":"https:\/\/www.jevadrouille.com\/#organization"},"potentialAction":[{"@type":"SearchAction","target":{"@type":"EntryPoint","urlTemplate":"https:\/\/www.jevadrouille.com\/?s={search_term_string}"},"query-input":{"@type":"PropertyValueSpecification","valueRequired":true,"valueName":"search_term_string"}}],"inLanguage":"en-US"},{"@type":"Organization","@id":"https:\/\/www.jevadrouille.com\/#organization","name":"Vadrouille","url":"https:\/\/www.jevadrouille.com\/","logo":{"@type":"ImageObject","inLanguage":"en-US","@id":"https:\/\/www.jevadrouille.com\/#\/schema\/logo\/image\/","url":"https:\/\/www.jevadrouille.com\/wp-content\/uploads\/2023\/02\/LOGO_VADROUILLE_Q.png","contentUrl":"https:\/\/www.jevadrouille.com\/wp-content\/uploads\/2023\/02\/LOGO_VADROUILLE_Q.png","width":1613,"height":617,"caption":"Vadrouille"},"image":{"@id":"https:\/\/www.jevadrouille.com\/#\/schema\/logo\/image\/"}}]}},"_links":{"self":[{"href":"https:\/\/www.jevadrouille.com\/en\/wp-json\/wp\/v2\/product\/2353","targetHints":{"allow":["GET"]}}],"collection":[{"href":"https:\/\/www.jevadrouille.com\/en\/wp-json\/wp\/v2\/product"}],"about":[{"href":"https:\/\/www.jevadrouille.com\/en\/wp-json\/wp\/v2\/types\/product"}],"replies":[{"embeddable":true,"href":"https:\/\/www.jevadrouille.com\/en\/wp-json\/wp\/v2\/comments?post=2353"}],"wp:featuredmedia":[{"embeddable":true,"href":"https:\/\/www.jevadrouille.com\/en\/wp-json\/wp\/v2\/media\/2284"}],"wp:attachment":[{"href":"https:\/\/www.jevadrouille.com\/en\/wp-json\/wp\/v2\/media?parent=2353"}],"wp:term":[{"taxonomy":"product_brand","embeddable":true,"href":"https:\/\/www.jevadrouille.com\/en\/wp-json\/wp\/v2\/product_brand?post=2353"},{"taxonomy":"product_cat","embeddable":true,"href":"https:\/\/www.jevadrouille.com\/en\/wp-json\/wp\/v2\/product_cat?post=2353"},{"taxonomy":"product_tag","embeddable":true,"href":"https:\/\/www.jevadrouille.com\/en\/wp-json\/wp\/v2\/product_tag?post=2353"}],"curies":[{"name":"wp","href":"https:\/\/api.w.org\/{rel}","templated":true}]}}