{"id":2354,"date":"2023-03-03T15:21:52","date_gmt":"2023-03-03T15:21:52","guid":{"rendered":"https:\/\/www.jevadrouille.com\/produit\/paraboot-michael-5\/"},"modified":"2023-07-19T11:26:07","modified_gmt":"2023-07-19T11:26:07","slug":"derbies-style-paraboot","status":"publish","type":"product","link":"https:\/\/www.jevadrouille.com\/en\/product\/derbies-style-paraboot\/","title":{"rendered":"Michael"},"content":{"rendered":"<p>Avec la d\u00e9marche Vadrouille, vous mettez en mouvement cette paire de chaussures Paraboot.<\/p>\n<p>Ces chaussures d&#8217;occasion, entretenues avec soin par l&#8217;\u00e9quipe Vadrouille, vivront avec vous le temps d&#8217;une autre vie.<\/p>\n<p>En achetant cette paire de Derby de chez Paraboot en seconde main, vous faites une belle action.<\/p>\n","protected":false},"excerpt":{"rendered":"<h2>Derbies Style Paraboot : Une touche moderne \u00e0 la tradition<\/h2>\n<p>Vadrouille est fier de vous pr\u00e9senter cette magnifique paire de Derby. Marque fran\u00e7aise d\u2019exception, ces souliers Paraboot de pointure 40 en Cuir Marron vous conf\u00e9reront un style in\u00e9galable. Maison d\u2019exception au savoir-faire traditionnel, ces chaussures Paraboot seront des compagnons de choix dans la vie de tous les jours.<\/p>\n<p><\/p>\n<h2>Paraboot : le choix incontournable pour des chaussures en cuir alliant style et durabilit\u00e9<\/h2>\n<p>Paraboot, un acteur incontournable dans le secteur des chaussures en cuir, est reconnu pour sa tradition et son savoir-faire artisanal dans la fabrication de chaussures pour hommes et femmes depuis plus d&#8217;un si\u00e8cle. Fond\u00e9e par R\u00e9my Richard en 1927 \u00e0 Paris, Paraboot est devenue une r\u00e9f\u00e9rence prestigieuse dans le domaine de la chaussure de luxe.<\/p>\n<p><\/p>\n<h3>Un service client qui s&#8217;occupe de vos pr\u00e9occupations<\/h3>\n<p>Pour toute information suppl\u00e9mentaire, n&#8217;h\u00e9sitez pas \u00e0 contacter notre service client au 0749228911. Ils sont disponibles quotidiennement et seront ravis de vous aider en vous offrant leurs meilleurs conseils.<\/p>\n<p><\/p>\n<h2>Michael, vous esp\u00e9riez les chaussures de vos r\u00eaves, les voil\u00e0 enfin !<\/h2>\n<p>Les chaussures Michael sont des derbies \u00e0 lacets, dot\u00e9es d&#8217;une construction solide et d&#8217;une tige en cuir de haute qualit\u00e9. A l\u2019origine ce mod\u00e8le se dit utilitaire \u00ab dans les ann\u00e9es d&#8217;apr\u00e8s-guerre, la raret\u00e9 des moyens de locomotion, ajout\u00e9 aux p\u00e9nuries, imposent de se d\u00e9placer la plupart du temps \u00e0 pied, le mod\u00e8le Michael r\u00e9pondait \u00e0 ce besoin \u00bb selon l\u2019ancien directeur commercial. Aujourd\u2019hui le mod\u00e8le s\u2019est d\u00e9mocratis\u00e9, son design classique et \u00e9pur\u00e9 en fait des chaussures tr\u00e8s polyvalentes.<\/p>\n<p> Sp\u00e9cifications techniques ref A682 &#8211;> Pour plus d\u2019informations et d\u00e9tails<br \/>\ncontactez nous : 07 49 22 89 11<\/p>\n","protected":false},"featured_media":2302,"comment_status":"open","ping_status":"closed","template":"","meta":{"_acf_changed":false,"inline_featured_image":false},"product_brand":[],"product_cat":[17,50],"product_tag":[],"class_list":{"0":"post-2354","1":"product","2":"type-product","3":"status-publish","4":"has-post-thumbnail","6":"product_cat-chaussures","7":"product_cat-paraboot","9":"first","10":"outofstock","11":"sale","12":"sold-individually","13":"taxable","14":"shipping-taxable","15":"purchasable","16":"product-type-simple"},"acf":[],"yoast_head":"<!-- This site is optimized with the Yoast SEO plugin v27.0 - https:\/\/yoast.com\/product\/yoast-seo-wordpress\/ -->\n<title>Paraboot Michael - Vadrouille<\/title>\n<meta name=\"description\" content=\"Avec la d\u00e9marche Vadrouille, vous mettez en mouvement ces belles chaussures Paraboot. Cette paire de Derby d&#039;occasion, est entretenue avec soin.\" \/>\n<meta name=\"robots\" content=\"index, follow, max-snippet:-1, max-image-preview:large, max-video-preview:-1\" \/>\n<link rel=\"canonical\" href=\"https:\/\/www.jevadrouille.com\/produit\/derbies-style-paraboot\/\" \/>\n<meta property=\"og:locale\" content=\"en_US\" \/>\n<meta property=\"og:type\" content=\"article\" \/>\n<meta property=\"og:title\" content=\"Paraboot Michael - Vadrouille\" \/>\n<meta property=\"og:description\" content=\"Avec la d\u00e9marche Vadrouille, vous mettez en mouvement ces belles chaussures Paraboot. Cette paire de Derby d&#039;occasion, est entretenue avec soin.\" \/>\n<meta property=\"og:url\" content=\"https:\/\/www.jevadrouille.com\/produit\/derbies-style-paraboot\/\" \/>\n<meta property=\"og:site_name\" content=\"Vadrouille\" \/>\n<meta property=\"article:modified_time\" content=\"2023-07-19T11:26:07+00:00\" \/>\n<meta property=\"og:image\" content=\"https:\/\/www.jevadrouille.com\/wp-content\/uploads\/2023\/03\/A682-9-scaled.webp\" \/>\n\t<meta property=\"og:image:width\" content=\"1920\" \/>\n\t<meta property=\"og:image:height\" content=\"2560\" \/>\n\t<meta property=\"og:image:type\" content=\"image\/webp\" \/>\n<meta name=\"twitter:card\" content=\"summary_large_image\" \/>\n<meta name=\"twitter:label1\" content=\"Est. reading time\" \/>\n\t<meta name=\"twitter:data1\" content=\"1 minute\" \/>\n<script type=\"application\/ld+json\" class=\"yoast-schema-graph\">{\"@context\":\"https:\/\/schema.org\",\"@graph\":[{\"@type\":\"WebPage\",\"@id\":\"https:\/\/www.jevadrouille.com\/produit\/derbies-style-paraboot\/\",\"url\":\"https:\/\/www.jevadrouille.com\/produit\/derbies-style-paraboot\/\",\"name\":\"Paraboot Michael - Vadrouille\",\"isPartOf\":{\"@id\":\"https:\/\/www.jevadrouille.com\/#website\"},\"primaryImageOfPage\":{\"@id\":\"https:\/\/www.jevadrouille.com\/produit\/derbies-style-paraboot\/#primaryimage\"},\"image\":{\"@id\":\"https:\/\/www.jevadrouille.com\/produit\/derbies-style-paraboot\/#primaryimage\"},\"thumbnailUrl\":\"https:\/\/www.jevadrouille.com\/wp-content\/uploads\/2023\/03\/A682-9-scaled.webp\",\"datePublished\":\"2023-03-03T15:21:52+00:00\",\"dateModified\":\"2023-07-19T11:26:07+00:00\",\"description\":\"Avec la d\u00e9marche Vadrouille, vous mettez en mouvement ces belles chaussures Paraboot. Cette paire de Derby d'occasion, est entretenue avec soin.\",\"breadcrumb\":{\"@id\":\"https:\/\/www.jevadrouille.com\/produit\/derbies-style-paraboot\/#breadcrumb\"},\"inLanguage\":\"en-US\",\"potentialAction\":[{\"@type\":\"ReadAction\",\"target\":[\"https:\/\/www.jevadrouille.com\/produit\/derbies-style-paraboot\/\"]}]},{\"@type\":\"ImageObject\",\"inLanguage\":\"en-US\",\"@id\":\"https:\/\/www.jevadrouille.com\/produit\/derbies-style-paraboot\/#primaryimage\",\"url\":\"https:\/\/www.jevadrouille.com\/wp-content\/uploads\/2023\/03\/A682-9-scaled.webp\",\"contentUrl\":\"https:\/\/www.jevadrouille.com\/wp-content\/uploads\/2023\/03\/A682-9-scaled.webp\",\"width\":1920,\"height\":2560},{\"@type\":\"BreadcrumbList\",\"@id\":\"https:\/\/www.jevadrouille.com\/produit\/derbies-style-paraboot\/#breadcrumb\",\"itemListElement\":[{\"@type\":\"ListItem\",\"position\":1,\"name\":\"Home\",\"item\":\"https:\/\/www.jevadrouille.com\/\"},{\"@type\":\"ListItem\",\"position\":2,\"name\":\"Shop\",\"item\":\"https:\/\/www.jevadrouille.com\/en\/shop\/\"},{\"@type\":\"ListItem\",\"position\":3,\"name\":\"Michael\"}]},{\"@type\":\"WebSite\",\"@id\":\"https:\/\/www.jevadrouille.com\/#website\",\"url\":\"https:\/\/www.jevadrouille.com\/\",\"name\":\"Vadrouille\",\"description\":\"Achetez vos chaussures haut de gamme reconditionn\u00e9es\",\"publisher\":{\"@id\":\"https:\/\/www.jevadrouille.com\/#organization\"},\"potentialAction\":[{\"@type\":\"SearchAction\",\"target\":{\"@type\":\"EntryPoint\",\"urlTemplate\":\"https:\/\/www.jevadrouille.com\/?s={search_term_string}\"},\"query-input\":{\"@type\":\"PropertyValueSpecification\",\"valueRequired\":true,\"valueName\":\"search_term_string\"}}],\"inLanguage\":\"en-US\"},{\"@type\":\"Organization\",\"@id\":\"https:\/\/www.jevadrouille.com\/#organization\",\"name\":\"Vadrouille\",\"url\":\"https:\/\/www.jevadrouille.com\/\",\"logo\":{\"@type\":\"ImageObject\",\"inLanguage\":\"en-US\",\"@id\":\"https:\/\/www.jevadrouille.com\/#\/schema\/logo\/image\/\",\"url\":\"https:\/\/www.jevadrouille.com\/wp-content\/uploads\/2023\/02\/LOGO_VADROUILLE_Q.png\",\"contentUrl\":\"https:\/\/www.jevadrouille.com\/wp-content\/uploads\/2023\/02\/LOGO_VADROUILLE_Q.png\",\"width\":1613,\"height\":617,\"caption\":\"Vadrouille\"},\"image\":{\"@id\":\"https:\/\/www.jevadrouille.com\/#\/schema\/logo\/image\/\"}}]}<\/script>\n<!-- \/ Yoast SEO plugin. -->","yoast_head_json":{"title":"Paraboot Michael - Vadrouille","description":"Avec la d\u00e9marche Vadrouille, vous mettez en mouvement ces belles chaussures Paraboot. Cette paire de Derby d'occasion, est entretenue avec soin.","robots":{"index":"index","follow":"follow","max-snippet":"max-snippet:-1","max-image-preview":"max-image-preview:large","max-video-preview":"max-video-preview:-1"},"canonical":"https:\/\/www.jevadrouille.com\/produit\/derbies-style-paraboot\/","og_locale":"en_US","og_type":"article","og_title":"Paraboot Michael - Vadrouille","og_description":"Avec la d\u00e9marche Vadrouille, vous mettez en mouvement ces belles chaussures Paraboot. Cette paire de Derby d'occasion, est entretenue avec soin.","og_url":"https:\/\/www.jevadrouille.com\/produit\/derbies-style-paraboot\/","og_site_name":"Vadrouille","article_modified_time":"2023-07-19T11:26:07+00:00","og_image":[{"width":1920,"height":2560,"url":"https:\/\/www.jevadrouille.com\/wp-content\/uploads\/2023\/03\/A682-9-scaled.webp","type":"image\/webp"}],"twitter_card":"summary_large_image","twitter_misc":{"Est. reading time":"1 minute"},"schema":{"@context":"https:\/\/schema.org","@graph":[{"@type":"WebPage","@id":"https:\/\/www.jevadrouille.com\/produit\/derbies-style-paraboot\/","url":"https:\/\/www.jevadrouille.com\/produit\/derbies-style-paraboot\/","name":"Paraboot Michael - Vadrouille","isPartOf":{"@id":"https:\/\/www.jevadrouille.com\/#website"},"primaryImageOfPage":{"@id":"https:\/\/www.jevadrouille.com\/produit\/derbies-style-paraboot\/#primaryimage"},"image":{"@id":"https:\/\/www.jevadrouille.com\/produit\/derbies-style-paraboot\/#primaryimage"},"thumbnailUrl":"https:\/\/www.jevadrouille.com\/wp-content\/uploads\/2023\/03\/A682-9-scaled.webp","datePublished":"2023-03-03T15:21:52+00:00","dateModified":"2023-07-19T11:26:07+00:00","description":"Avec la d\u00e9marche Vadrouille, vous mettez en mouvement ces belles chaussures Paraboot. Cette paire de Derby d'occasion, est entretenue avec soin.","breadcrumb":{"@id":"https:\/\/www.jevadrouille.com\/produit\/derbies-style-paraboot\/#breadcrumb"},"inLanguage":"en-US","potentialAction":[{"@type":"ReadAction","target":["https:\/\/www.jevadrouille.com\/produit\/derbies-style-paraboot\/"]}]},{"@type":"ImageObject","inLanguage":"en-US","@id":"https:\/\/www.jevadrouille.com\/produit\/derbies-style-paraboot\/#primaryimage","url":"https:\/\/www.jevadrouille.com\/wp-content\/uploads\/2023\/03\/A682-9-scaled.webp","contentUrl":"https:\/\/www.jevadrouille.com\/wp-content\/uploads\/2023\/03\/A682-9-scaled.webp","width":1920,"height":2560},{"@type":"BreadcrumbList","@id":"https:\/\/www.jevadrouille.com\/produit\/derbies-style-paraboot\/#breadcrumb","itemListElement":[{"@type":"ListItem","position":1,"name":"Home","item":"https:\/\/www.jevadrouille.com\/"},{"@type":"ListItem","position":2,"name":"Shop","item":"https:\/\/www.jevadrouille.com\/en\/shop\/"},{"@type":"ListItem","position":3,"name":"Michael"}]},{"@type":"WebSite","@id":"https:\/\/www.jevadrouille.com\/#website","url":"https:\/\/www.jevadrouille.com\/","name":"Vadrouille","description":"Achetez vos chaussures haut de gamme reconditionn\u00e9es","publisher":{"@id":"https:\/\/www.jevadrouille.com\/#organization"},"potentialAction":[{"@type":"SearchAction","target":{"@type":"EntryPoint","urlTemplate":"https:\/\/www.jevadrouille.com\/?s={search_term_string}"},"query-input":{"@type":"PropertyValueSpecification","valueRequired":true,"valueName":"search_term_string"}}],"inLanguage":"en-US"},{"@type":"Organization","@id":"https:\/\/www.jevadrouille.com\/#organization","name":"Vadrouille","url":"https:\/\/www.jevadrouille.com\/","logo":{"@type":"ImageObject","inLanguage":"en-US","@id":"https:\/\/www.jevadrouille.com\/#\/schema\/logo\/image\/","url":"https:\/\/www.jevadrouille.com\/wp-content\/uploads\/2023\/02\/LOGO_VADROUILLE_Q.png","contentUrl":"https:\/\/www.jevadrouille.com\/wp-content\/uploads\/2023\/02\/LOGO_VADROUILLE_Q.png","width":1613,"height":617,"caption":"Vadrouille"},"image":{"@id":"https:\/\/www.jevadrouille.com\/#\/schema\/logo\/image\/"}}]}},"_links":{"self":[{"href":"https:\/\/www.jevadrouille.com\/en\/wp-json\/wp\/v2\/product\/2354","targetHints":{"allow":["GET"]}}],"collection":[{"href":"https:\/\/www.jevadrouille.com\/en\/wp-json\/wp\/v2\/product"}],"about":[{"href":"https:\/\/www.jevadrouille.com\/en\/wp-json\/wp\/v2\/types\/product"}],"replies":[{"embeddable":true,"href":"https:\/\/www.jevadrouille.com\/en\/wp-json\/wp\/v2\/comments?post=2354"}],"wp:featuredmedia":[{"embeddable":true,"href":"https:\/\/www.jevadrouille.com\/en\/wp-json\/wp\/v2\/media\/2302"}],"wp:attachment":[{"href":"https:\/\/www.jevadrouille.com\/en\/wp-json\/wp\/v2\/media?parent=2354"}],"wp:term":[{"taxonomy":"product_brand","embeddable":true,"href":"https:\/\/www.jevadrouille.com\/en\/wp-json\/wp\/v2\/product_brand?post=2354"},{"taxonomy":"product_cat","embeddable":true,"href":"https:\/\/www.jevadrouille.com\/en\/wp-json\/wp\/v2\/product_cat?post=2354"},{"taxonomy":"product_tag","embeddable":true,"href":"https:\/\/www.jevadrouille.com\/en\/wp-json\/wp\/v2\/product_tag?post=2354"}],"curies":[{"name":"wp","href":"https:\/\/api.w.org\/{rel}","templated":true}]}}