{"id":32421,"date":"2024-06-11T14:36:47","date_gmt":"2024-06-11T14:36:47","guid":{"rendered":"https:\/\/www.jevadrouille.com\/produit\/sumac\/"},"modified":"2025-08-28T13:31:29","modified_gmt":"2025-08-28T13:31:29","slug":"sumac","status":"publish","type":"product","link":"https:\/\/www.jevadrouille.com\/en\/product\/sumac\/","title":{"rendered":"Sumac"},"content":{"rendered":"<p>#N\/A<\/p>\n","protected":false},"excerpt":{"rendered":"<h2><strong>Votre Sumac \u00e0 la vente<\/strong><\/h2>\n<p>La chaussure, si elle est bien choisie, traverse le temps. C\u2019est pourquoi chez vadrouille nous pouvons vous trouver les meilleures p\u00e9pites vintage, elles ne tra\u00eenent jamais tr\u00e8s loin, il suffit de les sortir des placards. Alors depuis notre espace de vente de chaussures d\u2019occasion vous pourrez retrouver de nombreux mod\u00e8les uniques Sumac.<\/p>\n<h2><strong>D\u00e9couvrez tout l\u2019univers de la chaussure d\u2019occasion<\/strong><\/h2>\n<p>Paraboot, John Lobb, Berluti, JM Weston ou encore Church\u2019s, sont des collections que nous avons en stock, vous y trouverez s\u00fbrement votre bonheur. \u00c0 travers notre s\u00e9lection de souliers, voyagez \u00e0 travers le temps, et profitez des chaussures haut de gamme les plus rares.<\/p>\n<h3><strong>Besoin d&#8217;un peu d&#8217;assistance ?<\/strong><\/h3>\n<p>Trouvez tous nos conseils pour l&#8217;entretien de vos chaussures<\/p>\n<p>Aidez vous de notre guide des tailles pour choisir la bonne pointure \u00e0 acheter.<\/p>\n<p>Nous sommes disponibles par message et par mail pour r\u00e9pondre \u00e0 vos questions.<\/p>\n<p>Mail : jevadrouille.com@gmail.com<\/p>\n<p>T\u00e9l\u00e9phone : 07 49 22 89 11<\/p>\n<p>Sp\u00e9cifications techniques ref A1589 &#8211;&gt; Pour plus d\u2019informations et d\u00e9tails<br \/>\ncontactez nous : 07 49 22 89 11<\/p>\n","protected":false},"featured_media":32255,"comment_status":"closed","ping_status":"closed","template":"","meta":{"_acf_changed":false,"inline_featured_image":false},"product_brand":[],"product_cat":[89,17,51],"product_tag":[],"class_list":{"0":"post-32421","1":"product","2":"type-product","3":"status-publish","4":"has-post-thumbnail","6":"product_cat-heschung-chaussures-2","7":"product_cat-chaussures","8":"product_cat-heschung","10":"first","11":"outofstock","12":"taxable","13":"shipping-taxable","14":"purchasable","15":"product-type-simple"},"acf":[],"yoast_head":"<!-- This site is optimized with the Yoast SEO plugin v27.0 - https:\/\/yoast.com\/product\/yoast-seo-wordpress\/ -->\n<title>Heschung Sumac - Vadrouille<\/title>\n<meta name=\"robots\" content=\"index, follow, max-snippet:-1, max-image-preview:large, max-video-preview:-1\" \/>\n<link rel=\"canonical\" href=\"https:\/\/www.jevadrouille.com\/produit\/sumac\/\" \/>\n<meta property=\"og:locale\" content=\"en_US\" \/>\n<meta property=\"og:type\" content=\"article\" \/>\n<meta property=\"og:title\" content=\"Heschung Sumac - Vadrouille\" \/>\n<meta property=\"og:description\" content=\"Votre Sumac \u00e0 la vente La chaussure, si elle est bien choisie, traverse le temps. C\u2019est pourquoi chez vadrouille nous pouvons vous trouver les meilleures p\u00e9pites vintage, elles ne tra\u00eenent jamais tr\u00e8s loin, il suffit de les sortir des placards. Alors depuis notre espace de vente de chaussures d\u2019occasion vous pourrez retrouver de nombreux mod\u00e8les uniques Sumac. D\u00e9couvrez tout l\u2019univers de la chaussure d\u2019occasion Paraboot, John Lobb, Berluti, JM Weston ou encore Church\u2019s, sont des collections que nous avons en stock, vous y trouverez s\u00fbrement votre bonheur. \u00c0 travers notre s\u00e9lection de souliers, voyagez \u00e0 travers le temps, et profitez des chaussures haut de gamme les plus rares. Besoin d&#039;un peu d&#039;assistance ? Trouvez tous nos conseils pour l&#039;entretien de vos chaussures  Aidez vous de notre guide des tailles pour choisir la bonne pointure \u00e0 acheter.  Nous sommes disponibles par message et par mail pour r\u00e9pondre \u00e0 vos questions.  Mail : jevadrouille.com@gmail.com  T\u00e9l\u00e9phone : 07 49 22 89 11  Sp\u00e9cifications techniques ref A1589 --&gt; Pour plus d\u2019informations et d\u00e9tails contactez nous : 07 49 22 89 11\" \/>\n<meta property=\"og:url\" content=\"https:\/\/www.jevadrouille.com\/produit\/sumac\/\" \/>\n<meta property=\"og:site_name\" content=\"Vadrouille\" \/>\n<meta property=\"article:modified_time\" content=\"2025-08-28T13:31:29+00:00\" \/>\n<meta property=\"og:image\" content=\"https:\/\/www.jevadrouille.com\/wp-content\/uploads\/2024\/06\/A1589-2-scaled.webp\" \/>\n\t<meta property=\"og:image:width\" content=\"1920\" \/>\n\t<meta property=\"og:image:height\" content=\"2560\" \/>\n\t<meta property=\"og:image:type\" content=\"image\/webp\" \/>\n<meta name=\"twitter:card\" content=\"summary_large_image\" \/>\n<meta name=\"twitter:label1\" content=\"Est. reading time\" \/>\n\t<meta name=\"twitter:data1\" content=\"1 minute\" \/>\n<script type=\"application\/ld+json\" class=\"yoast-schema-graph\">{\"@context\":\"https:\/\/schema.org\",\"@graph\":[{\"@type\":\"WebPage\",\"@id\":\"https:\/\/www.jevadrouille.com\/produit\/sumac\/\",\"url\":\"https:\/\/www.jevadrouille.com\/produit\/sumac\/\",\"name\":\"Heschung Sumac - Vadrouille\",\"isPartOf\":{\"@id\":\"https:\/\/www.jevadrouille.com\/#website\"},\"primaryImageOfPage\":{\"@id\":\"https:\/\/www.jevadrouille.com\/produit\/sumac\/#primaryimage\"},\"image\":{\"@id\":\"https:\/\/www.jevadrouille.com\/produit\/sumac\/#primaryimage\"},\"thumbnailUrl\":\"https:\/\/www.jevadrouille.com\/wp-content\/uploads\/2024\/06\/A1589-2-scaled.webp\",\"datePublished\":\"2024-06-11T14:36:47+00:00\",\"dateModified\":\"2025-08-28T13:31:29+00:00\",\"breadcrumb\":{\"@id\":\"https:\/\/www.jevadrouille.com\/produit\/sumac\/#breadcrumb\"},\"inLanguage\":\"en-US\",\"potentialAction\":[{\"@type\":\"ReadAction\",\"target\":[\"https:\/\/www.jevadrouille.com\/produit\/sumac\/\"]}]},{\"@type\":\"ImageObject\",\"inLanguage\":\"en-US\",\"@id\":\"https:\/\/www.jevadrouille.com\/produit\/sumac\/#primaryimage\",\"url\":\"https:\/\/www.jevadrouille.com\/wp-content\/uploads\/2024\/06\/A1589-2-scaled.webp\",\"contentUrl\":\"https:\/\/www.jevadrouille.com\/wp-content\/uploads\/2024\/06\/A1589-2-scaled.webp\",\"width\":1920,\"height\":2560},{\"@type\":\"BreadcrumbList\",\"@id\":\"https:\/\/www.jevadrouille.com\/produit\/sumac\/#breadcrumb\",\"itemListElement\":[{\"@type\":\"ListItem\",\"position\":1,\"name\":\"Home\",\"item\":\"https:\/\/www.jevadrouille.com\/\"},{\"@type\":\"ListItem\",\"position\":2,\"name\":\"Shop\",\"item\":\"https:\/\/www.jevadrouille.com\/en\/shop\/\"},{\"@type\":\"ListItem\",\"position\":3,\"name\":\"Sumac\"}]},{\"@type\":\"WebSite\",\"@id\":\"https:\/\/www.jevadrouille.com\/#website\",\"url\":\"https:\/\/www.jevadrouille.com\/\",\"name\":\"Vadrouille\",\"description\":\"Achetez vos chaussures haut de gamme reconditionn\u00e9es\",\"publisher\":{\"@id\":\"https:\/\/www.jevadrouille.com\/#organization\"},\"potentialAction\":[{\"@type\":\"SearchAction\",\"target\":{\"@type\":\"EntryPoint\",\"urlTemplate\":\"https:\/\/www.jevadrouille.com\/?s={search_term_string}\"},\"query-input\":{\"@type\":\"PropertyValueSpecification\",\"valueRequired\":true,\"valueName\":\"search_term_string\"}}],\"inLanguage\":\"en-US\"},{\"@type\":\"Organization\",\"@id\":\"https:\/\/www.jevadrouille.com\/#organization\",\"name\":\"Vadrouille\",\"url\":\"https:\/\/www.jevadrouille.com\/\",\"logo\":{\"@type\":\"ImageObject\",\"inLanguage\":\"en-US\",\"@id\":\"https:\/\/www.jevadrouille.com\/#\/schema\/logo\/image\/\",\"url\":\"https:\/\/www.jevadrouille.com\/wp-content\/uploads\/2023\/02\/LOGO_VADROUILLE_Q.png\",\"contentUrl\":\"https:\/\/www.jevadrouille.com\/wp-content\/uploads\/2023\/02\/LOGO_VADROUILLE_Q.png\",\"width\":1613,\"height\":617,\"caption\":\"Vadrouille\"},\"image\":{\"@id\":\"https:\/\/www.jevadrouille.com\/#\/schema\/logo\/image\/\"}}]}<\/script>\n<!-- \/ Yoast SEO plugin. -->","yoast_head_json":{"title":"Heschung Sumac - Vadrouille","robots":{"index":"index","follow":"follow","max-snippet":"max-snippet:-1","max-image-preview":"max-image-preview:large","max-video-preview":"max-video-preview:-1"},"canonical":"https:\/\/www.jevadrouille.com\/produit\/sumac\/","og_locale":"en_US","og_type":"article","og_title":"Heschung Sumac - Vadrouille","og_description":"Votre Sumac \u00e0 la vente La chaussure, si elle est bien choisie, traverse le temps. C\u2019est pourquoi chez vadrouille nous pouvons vous trouver les meilleures p\u00e9pites vintage, elles ne tra\u00eenent jamais tr\u00e8s loin, il suffit de les sortir des placards. Alors depuis notre espace de vente de chaussures d\u2019occasion vous pourrez retrouver de nombreux mod\u00e8les uniques Sumac. D\u00e9couvrez tout l\u2019univers de la chaussure d\u2019occasion Paraboot, John Lobb, Berluti, JM Weston ou encore Church\u2019s, sont des collections que nous avons en stock, vous y trouverez s\u00fbrement votre bonheur. \u00c0 travers notre s\u00e9lection de souliers, voyagez \u00e0 travers le temps, et profitez des chaussures haut de gamme les plus rares. Besoin d'un peu d'assistance ? Trouvez tous nos conseils pour l'entretien de vos chaussures  Aidez vous de notre guide des tailles pour choisir la bonne pointure \u00e0 acheter.  Nous sommes disponibles par message et par mail pour r\u00e9pondre \u00e0 vos questions.  Mail : jevadrouille.com@gmail.com  T\u00e9l\u00e9phone : 07 49 22 89 11  Sp\u00e9cifications techniques ref A1589 --&gt; Pour plus d\u2019informations et d\u00e9tails contactez nous : 07 49 22 89 11","og_url":"https:\/\/www.jevadrouille.com\/produit\/sumac\/","og_site_name":"Vadrouille","article_modified_time":"2025-08-28T13:31:29+00:00","og_image":[{"width":1920,"height":2560,"url":"https:\/\/www.jevadrouille.com\/wp-content\/uploads\/2024\/06\/A1589-2-scaled.webp","type":"image\/webp"}],"twitter_card":"summary_large_image","twitter_misc":{"Est. reading time":"1 minute"},"schema":{"@context":"https:\/\/schema.org","@graph":[{"@type":"WebPage","@id":"https:\/\/www.jevadrouille.com\/produit\/sumac\/","url":"https:\/\/www.jevadrouille.com\/produit\/sumac\/","name":"Heschung Sumac - Vadrouille","isPartOf":{"@id":"https:\/\/www.jevadrouille.com\/#website"},"primaryImageOfPage":{"@id":"https:\/\/www.jevadrouille.com\/produit\/sumac\/#primaryimage"},"image":{"@id":"https:\/\/www.jevadrouille.com\/produit\/sumac\/#primaryimage"},"thumbnailUrl":"https:\/\/www.jevadrouille.com\/wp-content\/uploads\/2024\/06\/A1589-2-scaled.webp","datePublished":"2024-06-11T14:36:47+00:00","dateModified":"2025-08-28T13:31:29+00:00","breadcrumb":{"@id":"https:\/\/www.jevadrouille.com\/produit\/sumac\/#breadcrumb"},"inLanguage":"en-US","potentialAction":[{"@type":"ReadAction","target":["https:\/\/www.jevadrouille.com\/produit\/sumac\/"]}]},{"@type":"ImageObject","inLanguage":"en-US","@id":"https:\/\/www.jevadrouille.com\/produit\/sumac\/#primaryimage","url":"https:\/\/www.jevadrouille.com\/wp-content\/uploads\/2024\/06\/A1589-2-scaled.webp","contentUrl":"https:\/\/www.jevadrouille.com\/wp-content\/uploads\/2024\/06\/A1589-2-scaled.webp","width":1920,"height":2560},{"@type":"BreadcrumbList","@id":"https:\/\/www.jevadrouille.com\/produit\/sumac\/#breadcrumb","itemListElement":[{"@type":"ListItem","position":1,"name":"Home","item":"https:\/\/www.jevadrouille.com\/"},{"@type":"ListItem","position":2,"name":"Shop","item":"https:\/\/www.jevadrouille.com\/en\/shop\/"},{"@type":"ListItem","position":3,"name":"Sumac"}]},{"@type":"WebSite","@id":"https:\/\/www.jevadrouille.com\/#website","url":"https:\/\/www.jevadrouille.com\/","name":"Vadrouille","description":"Achetez vos chaussures haut de gamme reconditionn\u00e9es","publisher":{"@id":"https:\/\/www.jevadrouille.com\/#organization"},"potentialAction":[{"@type":"SearchAction","target":{"@type":"EntryPoint","urlTemplate":"https:\/\/www.jevadrouille.com\/?s={search_term_string}"},"query-input":{"@type":"PropertyValueSpecification","valueRequired":true,"valueName":"search_term_string"}}],"inLanguage":"en-US"},{"@type":"Organization","@id":"https:\/\/www.jevadrouille.com\/#organization","name":"Vadrouille","url":"https:\/\/www.jevadrouille.com\/","logo":{"@type":"ImageObject","inLanguage":"en-US","@id":"https:\/\/www.jevadrouille.com\/#\/schema\/logo\/image\/","url":"https:\/\/www.jevadrouille.com\/wp-content\/uploads\/2023\/02\/LOGO_VADROUILLE_Q.png","contentUrl":"https:\/\/www.jevadrouille.com\/wp-content\/uploads\/2023\/02\/LOGO_VADROUILLE_Q.png","width":1613,"height":617,"caption":"Vadrouille"},"image":{"@id":"https:\/\/www.jevadrouille.com\/#\/schema\/logo\/image\/"}}]}},"_links":{"self":[{"href":"https:\/\/www.jevadrouille.com\/en\/wp-json\/wp\/v2\/product\/32421","targetHints":{"allow":["GET"]}}],"collection":[{"href":"https:\/\/www.jevadrouille.com\/en\/wp-json\/wp\/v2\/product"}],"about":[{"href":"https:\/\/www.jevadrouille.com\/en\/wp-json\/wp\/v2\/types\/product"}],"replies":[{"embeddable":true,"href":"https:\/\/www.jevadrouille.com\/en\/wp-json\/wp\/v2\/comments?post=32421"}],"wp:featuredmedia":[{"embeddable":true,"href":"https:\/\/www.jevadrouille.com\/en\/wp-json\/wp\/v2\/media\/32255"}],"wp:attachment":[{"href":"https:\/\/www.jevadrouille.com\/en\/wp-json\/wp\/v2\/media?parent=32421"}],"wp:term":[{"taxonomy":"product_brand","embeddable":true,"href":"https:\/\/www.jevadrouille.com\/en\/wp-json\/wp\/v2\/product_brand?post=32421"},{"taxonomy":"product_cat","embeddable":true,"href":"https:\/\/www.jevadrouille.com\/en\/wp-json\/wp\/v2\/product_cat?post=32421"},{"taxonomy":"product_tag","embeddable":true,"href":"https:\/\/www.jevadrouille.com\/en\/wp-json\/wp\/v2\/product_tag?post=32421"}],"curies":[{"name":"wp","href":"https:\/\/api.w.org\/{rel}","templated":true}]}}