{"id":4026,"date":"2023-03-30T10:54:58","date_gmt":"2023-03-30T10:54:58","guid":{"rendered":"https:\/\/www.jevadrouille.com\/produit\/churchs-burwood\/"},"modified":"2024-08-06T10:19:40","modified_gmt":"2024-08-06T10:19:40","slug":"modele-burwood-churchs-3","status":"publish","type":"product","link":"https:\/\/www.jevadrouille.com\/en\/product\/modele-burwood-churchs-3\/","title":{"rendered":"Burwood"},"content":{"rendered":"<p>Avec la d\u00e9marche Vadrouille, vous mettez en mouvement cette paire de chaussures Church&#8217;s.<\/p>\n<p>Ces chaussures d&#8217;occasion, entretenues avec soin par l&#8217;\u00e9quipe Vadrouille, vivront avec vous le temps d&#8217;une autre vie.<\/p>\n<p>En achetant cette paire de Richelieu de chez Church&#8217;s en seconde main, vous faites une belle action.<\/p>\n","protected":false},"excerpt":{"rendered":"<h2>Brogues Church&#8217;s : L&#8217;alliance parfaite entre tradition et modernit\u00e9<\/h2>\n<p>Vadrouille vous pr\u00e9sente ces \u00e9l\u00e9gantes chaussures Richelieu de pointure 42 de la marque Church&#8217;s. Fabriqu\u00e9es en Cuir  de couleur Marron, ces souliers s&#8217;harmoniseront parfaitement avec vos tenues les plus raffin\u00e9es. Les chaussures Church&#8217;s, marque appartenant \u00e0 Prada, l\u2019embl\u00e9matique maison de luxe, seront vos compagnons au quotidien, vous conf\u00e9rant une \u00e9l\u00e9gance \u00e0 la britannique.<\/p>\n<p><\/p>\n<h2>Church&#8217;s : l\u2019excellence a la fran\u00e7aise des chaussures en cuir<\/h2>\n<p>Church&#8217;s propose une large gamme de produits qui couvrent diff\u00e9rents budgets. Malgr\u00e9 son statut de marque de luxe, vous pouvez trouver des mod\u00e8les abordables qui pr\u00e9servent \u00e0 la fois la qualit\u00e9 et le style caract\u00e9ristiques. Que vous optiez pour le Burwood, le Grafton ou le Thoma, chaque paire de chaussures Church&#8217;s constitue un investissement \u00e9clair\u00e9 pour enrichir votre collection de v\u00eatements.<\/p>\n<p><\/p>\n<h3>Un service client \u00e0 votre service<\/h3>\n<p>Si vous avez des questions, n&#8217;h\u00e9sitez pas \u00e0 nous contacter au 0749228911. Nous serons ravis de vous prodiguer nos meilleurs conseils dans les plus brefs d\u00e9lais !<\/p>\n<p> Sp\u00e9cifications techniques ref A772 &#8211;> Pour plus d\u2019informations et d\u00e9tails<br \/>\ncontactez nous : 07 49 22 89 11<\/p>\n","protected":false},"featured_media":3872,"comment_status":"open","ping_status":"closed","template":"","meta":{"_acf_changed":false,"inline_featured_image":false},"product_brand":[],"product_cat":[17,53],"product_tag":[],"class_list":{"0":"post-4026","1":"product","2":"type-product","3":"status-publish","4":"has-post-thumbnail","6":"product_cat-chaussures","7":"product_cat-churchs","9":"first","10":"outofstock","11":"sale","12":"sold-individually","13":"taxable","14":"shipping-taxable","15":"purchasable","16":"product-type-simple"},"acf":[],"yoast_head":"<!-- This site is optimized with the Yoast SEO plugin v27.0 - https:\/\/yoast.com\/product\/yoast-seo-wordpress\/ -->\n<title>Church&#039;s Burwood - Vadrouille<\/title>\n<meta name=\"robots\" content=\"index, follow, max-snippet:-1, max-image-preview:large, max-video-preview:-1\" \/>\n<link rel=\"canonical\" href=\"https:\/\/www.jevadrouille.com\/produit\/modele-burwood-churchs-3\/\" \/>\n<meta property=\"og:locale\" content=\"en_US\" \/>\n<meta property=\"og:type\" content=\"article\" \/>\n<meta property=\"og:title\" content=\"Church&#039;s Burwood - Vadrouille\" \/>\n<meta property=\"og:description\" content=\"Brogues Church&#039;s : L&#039;alliance parfaite entre tradition et modernit\u00e9Vadrouille vous pr\u00e9sente ces \u00e9l\u00e9gantes chaussures Richelieu de pointure 42 de la marque Church&#039;s. Fabriqu\u00e9es en Cuir de couleur Marron, ces souliers s&#039;harmoniseront parfaitement avec vos tenues les plus raffin\u00e9es. Les chaussures Church&#039;s, marque appartenant \u00e0 Prada, l\u2019embl\u00e9matique maison de luxe, seront vos compagnons au quotidien, vous conf\u00e9rant une \u00e9l\u00e9gance \u00e0 la britannique.Church&#039;s : l\u2019excellence a la fran\u00e7aise des chaussures en cuirChurch&#039;s propose une large gamme de produits qui couvrent diff\u00e9rents budgets. Malgr\u00e9 son statut de marque de luxe, vous pouvez trouver des mod\u00e8les abordables qui pr\u00e9servent \u00e0 la fois la qualit\u00e9 et le style caract\u00e9ristiques. Que vous optiez pour le Burwood, le Grafton ou le Thoma, chaque paire de chaussures Church&#039;s constitue un investissement \u00e9clair\u00e9 pour enrichir votre collection de v\u00eatements.Un service client \u00e0 votre serviceSi vous avez des questions, n&#039;h\u00e9sitez pas \u00e0 nous contacter au 0749228911. Nous serons ravis de vous prodiguer nos meilleurs conseils dans les plus brefs d\u00e9lais ! Sp\u00e9cifications techniques ref A772 --&gt; Pour plus d\u2019informations et d\u00e9tails contactez nous : 07 49 22 89 11\" \/>\n<meta property=\"og:url\" content=\"https:\/\/www.jevadrouille.com\/produit\/modele-burwood-churchs-3\/\" \/>\n<meta property=\"og:site_name\" content=\"Vadrouille\" \/>\n<meta property=\"article:modified_time\" content=\"2024-08-06T10:19:40+00:00\" \/>\n<meta property=\"og:image\" content=\"https:\/\/www.jevadrouille.com\/wp-content\/uploads\/2023\/03\/A772-1.JPG-scaled.webp\" \/>\n\t<meta property=\"og:image:width\" content=\"1920\" \/>\n\t<meta property=\"og:image:height\" content=\"2560\" \/>\n\t<meta property=\"og:image:type\" content=\"image\/webp\" \/>\n<meta name=\"twitter:card\" content=\"summary_large_image\" \/>\n<meta name=\"twitter:label1\" content=\"Est. reading time\" \/>\n\t<meta name=\"twitter:data1\" content=\"1 minute\" \/>\n<script type=\"application\/ld+json\" class=\"yoast-schema-graph\">{\"@context\":\"https:\/\/schema.org\",\"@graph\":[{\"@type\":\"WebPage\",\"@id\":\"https:\/\/www.jevadrouille.com\/produit\/modele-burwood-churchs-3\/\",\"url\":\"https:\/\/www.jevadrouille.com\/produit\/modele-burwood-churchs-3\/\",\"name\":\"Church's Burwood - Vadrouille\",\"isPartOf\":{\"@id\":\"https:\/\/www.jevadrouille.com\/#website\"},\"primaryImageOfPage\":{\"@id\":\"https:\/\/www.jevadrouille.com\/produit\/modele-burwood-churchs-3\/#primaryimage\"},\"image\":{\"@id\":\"https:\/\/www.jevadrouille.com\/produit\/modele-burwood-churchs-3\/#primaryimage\"},\"thumbnailUrl\":\"https:\/\/www.jevadrouille.com\/wp-content\/uploads\/2023\/03\/A772-1.JPG-scaled.webp\",\"datePublished\":\"2023-03-30T10:54:58+00:00\",\"dateModified\":\"2024-08-06T10:19:40+00:00\",\"breadcrumb\":{\"@id\":\"https:\/\/www.jevadrouille.com\/produit\/modele-burwood-churchs-3\/#breadcrumb\"},\"inLanguage\":\"en-US\",\"potentialAction\":[{\"@type\":\"ReadAction\",\"target\":[\"https:\/\/www.jevadrouille.com\/produit\/modele-burwood-churchs-3\/\"]}]},{\"@type\":\"ImageObject\",\"inLanguage\":\"en-US\",\"@id\":\"https:\/\/www.jevadrouille.com\/produit\/modele-burwood-churchs-3\/#primaryimage\",\"url\":\"https:\/\/www.jevadrouille.com\/wp-content\/uploads\/2023\/03\/A772-1.JPG-scaled.webp\",\"contentUrl\":\"https:\/\/www.jevadrouille.com\/wp-content\/uploads\/2023\/03\/A772-1.JPG-scaled.webp\",\"width\":1920,\"height\":2560},{\"@type\":\"BreadcrumbList\",\"@id\":\"https:\/\/www.jevadrouille.com\/produit\/modele-burwood-churchs-3\/#breadcrumb\",\"itemListElement\":[{\"@type\":\"ListItem\",\"position\":1,\"name\":\"Home\",\"item\":\"https:\/\/www.jevadrouille.com\/\"},{\"@type\":\"ListItem\",\"position\":2,\"name\":\"Shop\",\"item\":\"https:\/\/www.jevadrouille.com\/en\/shop\/\"},{\"@type\":\"ListItem\",\"position\":3,\"name\":\"Burwood\"}]},{\"@type\":\"WebSite\",\"@id\":\"https:\/\/www.jevadrouille.com\/#website\",\"url\":\"https:\/\/www.jevadrouille.com\/\",\"name\":\"Vadrouille\",\"description\":\"Achetez vos chaussures haut de gamme reconditionn\u00e9es\",\"publisher\":{\"@id\":\"https:\/\/www.jevadrouille.com\/#organization\"},\"potentialAction\":[{\"@type\":\"SearchAction\",\"target\":{\"@type\":\"EntryPoint\",\"urlTemplate\":\"https:\/\/www.jevadrouille.com\/?s={search_term_string}\"},\"query-input\":{\"@type\":\"PropertyValueSpecification\",\"valueRequired\":true,\"valueName\":\"search_term_string\"}}],\"inLanguage\":\"en-US\"},{\"@type\":\"Organization\",\"@id\":\"https:\/\/www.jevadrouille.com\/#organization\",\"name\":\"Vadrouille\",\"url\":\"https:\/\/www.jevadrouille.com\/\",\"logo\":{\"@type\":\"ImageObject\",\"inLanguage\":\"en-US\",\"@id\":\"https:\/\/www.jevadrouille.com\/#\/schema\/logo\/image\/\",\"url\":\"https:\/\/www.jevadrouille.com\/wp-content\/uploads\/2023\/02\/LOGO_VADROUILLE_Q.png\",\"contentUrl\":\"https:\/\/www.jevadrouille.com\/wp-content\/uploads\/2023\/02\/LOGO_VADROUILLE_Q.png\",\"width\":1613,\"height\":617,\"caption\":\"Vadrouille\"},\"image\":{\"@id\":\"https:\/\/www.jevadrouille.com\/#\/schema\/logo\/image\/\"}}]}<\/script>\n<!-- \/ Yoast SEO plugin. -->","yoast_head_json":{"title":"Church's Burwood - Vadrouille","robots":{"index":"index","follow":"follow","max-snippet":"max-snippet:-1","max-image-preview":"max-image-preview:large","max-video-preview":"max-video-preview:-1"},"canonical":"https:\/\/www.jevadrouille.com\/produit\/modele-burwood-churchs-3\/","og_locale":"en_US","og_type":"article","og_title":"Church's Burwood - Vadrouille","og_description":"Brogues Church's : L'alliance parfaite entre tradition et modernit\u00e9Vadrouille vous pr\u00e9sente ces \u00e9l\u00e9gantes chaussures Richelieu de pointure 42 de la marque Church's. Fabriqu\u00e9es en Cuir de couleur Marron, ces souliers s'harmoniseront parfaitement avec vos tenues les plus raffin\u00e9es. Les chaussures Church's, marque appartenant \u00e0 Prada, l\u2019embl\u00e9matique maison de luxe, seront vos compagnons au quotidien, vous conf\u00e9rant une \u00e9l\u00e9gance \u00e0 la britannique.Church's : l\u2019excellence a la fran\u00e7aise des chaussures en cuirChurch's propose une large gamme de produits qui couvrent diff\u00e9rents budgets. Malgr\u00e9 son statut de marque de luxe, vous pouvez trouver des mod\u00e8les abordables qui pr\u00e9servent \u00e0 la fois la qualit\u00e9 et le style caract\u00e9ristiques. Que vous optiez pour le Burwood, le Grafton ou le Thoma, chaque paire de chaussures Church's constitue un investissement \u00e9clair\u00e9 pour enrichir votre collection de v\u00eatements.Un service client \u00e0 votre serviceSi vous avez des questions, n'h\u00e9sitez pas \u00e0 nous contacter au 0749228911. Nous serons ravis de vous prodiguer nos meilleurs conseils dans les plus brefs d\u00e9lais ! Sp\u00e9cifications techniques ref A772 --> Pour plus d\u2019informations et d\u00e9tails contactez nous : 07 49 22 89 11","og_url":"https:\/\/www.jevadrouille.com\/produit\/modele-burwood-churchs-3\/","og_site_name":"Vadrouille","article_modified_time":"2024-08-06T10:19:40+00:00","og_image":[{"width":1920,"height":2560,"url":"https:\/\/www.jevadrouille.com\/wp-content\/uploads\/2023\/03\/A772-1.JPG-scaled.webp","type":"image\/webp"}],"twitter_card":"summary_large_image","twitter_misc":{"Est. reading time":"1 minute"},"schema":{"@context":"https:\/\/schema.org","@graph":[{"@type":"WebPage","@id":"https:\/\/www.jevadrouille.com\/produit\/modele-burwood-churchs-3\/","url":"https:\/\/www.jevadrouille.com\/produit\/modele-burwood-churchs-3\/","name":"Church's Burwood - Vadrouille","isPartOf":{"@id":"https:\/\/www.jevadrouille.com\/#website"},"primaryImageOfPage":{"@id":"https:\/\/www.jevadrouille.com\/produit\/modele-burwood-churchs-3\/#primaryimage"},"image":{"@id":"https:\/\/www.jevadrouille.com\/produit\/modele-burwood-churchs-3\/#primaryimage"},"thumbnailUrl":"https:\/\/www.jevadrouille.com\/wp-content\/uploads\/2023\/03\/A772-1.JPG-scaled.webp","datePublished":"2023-03-30T10:54:58+00:00","dateModified":"2024-08-06T10:19:40+00:00","breadcrumb":{"@id":"https:\/\/www.jevadrouille.com\/produit\/modele-burwood-churchs-3\/#breadcrumb"},"inLanguage":"en-US","potentialAction":[{"@type":"ReadAction","target":["https:\/\/www.jevadrouille.com\/produit\/modele-burwood-churchs-3\/"]}]},{"@type":"ImageObject","inLanguage":"en-US","@id":"https:\/\/www.jevadrouille.com\/produit\/modele-burwood-churchs-3\/#primaryimage","url":"https:\/\/www.jevadrouille.com\/wp-content\/uploads\/2023\/03\/A772-1.JPG-scaled.webp","contentUrl":"https:\/\/www.jevadrouille.com\/wp-content\/uploads\/2023\/03\/A772-1.JPG-scaled.webp","width":1920,"height":2560},{"@type":"BreadcrumbList","@id":"https:\/\/www.jevadrouille.com\/produit\/modele-burwood-churchs-3\/#breadcrumb","itemListElement":[{"@type":"ListItem","position":1,"name":"Home","item":"https:\/\/www.jevadrouille.com\/"},{"@type":"ListItem","position":2,"name":"Shop","item":"https:\/\/www.jevadrouille.com\/en\/shop\/"},{"@type":"ListItem","position":3,"name":"Burwood"}]},{"@type":"WebSite","@id":"https:\/\/www.jevadrouille.com\/#website","url":"https:\/\/www.jevadrouille.com\/","name":"Vadrouille","description":"Achetez vos chaussures haut de gamme reconditionn\u00e9es","publisher":{"@id":"https:\/\/www.jevadrouille.com\/#organization"},"potentialAction":[{"@type":"SearchAction","target":{"@type":"EntryPoint","urlTemplate":"https:\/\/www.jevadrouille.com\/?s={search_term_string}"},"query-input":{"@type":"PropertyValueSpecification","valueRequired":true,"valueName":"search_term_string"}}],"inLanguage":"en-US"},{"@type":"Organization","@id":"https:\/\/www.jevadrouille.com\/#organization","name":"Vadrouille","url":"https:\/\/www.jevadrouille.com\/","logo":{"@type":"ImageObject","inLanguage":"en-US","@id":"https:\/\/www.jevadrouille.com\/#\/schema\/logo\/image\/","url":"https:\/\/www.jevadrouille.com\/wp-content\/uploads\/2023\/02\/LOGO_VADROUILLE_Q.png","contentUrl":"https:\/\/www.jevadrouille.com\/wp-content\/uploads\/2023\/02\/LOGO_VADROUILLE_Q.png","width":1613,"height":617,"caption":"Vadrouille"},"image":{"@id":"https:\/\/www.jevadrouille.com\/#\/schema\/logo\/image\/"}}]}},"_links":{"self":[{"href":"https:\/\/www.jevadrouille.com\/en\/wp-json\/wp\/v2\/product\/4026","targetHints":{"allow":["GET"]}}],"collection":[{"href":"https:\/\/www.jevadrouille.com\/en\/wp-json\/wp\/v2\/product"}],"about":[{"href":"https:\/\/www.jevadrouille.com\/en\/wp-json\/wp\/v2\/types\/product"}],"replies":[{"embeddable":true,"href":"https:\/\/www.jevadrouille.com\/en\/wp-json\/wp\/v2\/comments?post=4026"}],"wp:featuredmedia":[{"embeddable":true,"href":"https:\/\/www.jevadrouille.com\/en\/wp-json\/wp\/v2\/media\/3872"}],"wp:attachment":[{"href":"https:\/\/www.jevadrouille.com\/en\/wp-json\/wp\/v2\/media?parent=4026"}],"wp:term":[{"taxonomy":"product_brand","embeddable":true,"href":"https:\/\/www.jevadrouille.com\/en\/wp-json\/wp\/v2\/product_brand?post=4026"},{"taxonomy":"product_cat","embeddable":true,"href":"https:\/\/www.jevadrouille.com\/en\/wp-json\/wp\/v2\/product_cat?post=4026"},{"taxonomy":"product_tag","embeddable":true,"href":"https:\/\/www.jevadrouille.com\/en\/wp-json\/wp\/v2\/product_tag?post=4026"}],"curies":[{"name":"wp","href":"https:\/\/api.w.org\/{rel}","templated":true}]}}