{"id":57134,"date":"2025-07-11T15:06:58","date_gmt":"2025-07-11T15:06:58","guid":{"rendered":"https:\/\/www.jevadrouille.com\/produit\/golf-9\/"},"modified":"2025-10-05T12:04:45","modified_gmt":"2025-10-05T12:04:45","slug":"golf-9","status":"publish","type":"product","link":"https:\/\/www.jevadrouille.com\/en\/product\/golf-9\/","title":{"rendered":"Golf"},"content":{"rendered":"<p>Avec la d\u00e9marche Vadrouille, vous mettez en mouvement cette paire de chaussures JM Weston.<\/p>\n<p>Ces chaussures d&#8217;occasion, entretenues avec soin par l&#8217;\u00e9quipe Vadrouille, vivront avec vous le temps d&#8217;une autre vie.<\/p>\n<p>En achetant cette paire de derbies de chez JM Weston en seconde main, vous faites une belle action.<\/p>\n","protected":false},"excerpt":{"rendered":"<h2><strong>Le Golf Weston, un mod\u00e8le embl\u00e9matique<\/strong><\/h2>\n<p>Ce derby Golf est un pilier de la maison Weston, faisant partie des ic\u00f4nes intemporelles. Depuis sa cr\u00e9ation en 1955, la silhouette de ce mod\u00e8le n&#8217;a jamais \u00e9t\u00e9 modifi\u00e9e, t\u00e9moignant de son succ\u00e8s constant. Sa durabilit\u00e9, sa solidit\u00e9 et sa r\u00e9parabilit\u00e9 font de ce mod\u00e8le Golf d\u2019occasion une pi\u00e8ce indispensable.<\/p>\n<p><strong>Ce Golf forme 641, est un derby en cuir de veau \u00e0 la\u00e7age cinq \u0153illets<\/strong>. Arborant une semelle cousue goodyear, cette chaussure saura traverser les ann\u00e9es. Sa durabilit\u00e9, sa solidit\u00e9 et sa r\u00e9parabilit\u00e9 font de ce mod\u00e8le Golf d\u2019occasion une pi\u00e8ce indispensable.<\/p>\n<p>Il existe aujourd&#8217;hui des d\u00e9clinaisons de ce mod\u00e8le JM Weston, avec des chaussures montantes, des peausseries et couleurs moins classiques, des montages et styles qui varient. Des nouvelles versions \u00e9mergent avec le mod\u00e8le Eug\u00e8ne velours par exemple ou m\u00eame la cr\u00e9ation triple semelle en collaboration avec Uniforme, etc.<\/p>\n<h3><strong>Besoin d&#8217;accompagnement ?<\/strong><\/h3>\n<p>Retrouvez nos conseils pour prendre soin de cette paire embl\u00e9matique<\/p>\n<p>Profitez de notre guide des tailles et choisissez la bonne pointure pour vos pieds.<\/p>\n<p>Nous sommes disponibles par message et par mail pour r\u00e9pondre \u00e0 vos questions.<\/p>\n<p>Mail : jevadrouille.com@gmail.com<\/p>\n<p>T\u00e9l\u00e9phone : 07 49 22 89 11<\/p>\n<h3><strong>Donnez nous des nouvelles de vos chaussures !<\/strong><\/h3>\n<p>Jetez un \u0153il aux diff\u00e9rentes marques, et profitez de notre catalogue JM Weston pour hommes et femmes, pour <strong>trouver des Golf \u00e0 prix r\u00e9duit !<\/strong><\/p>\n<p>Sp\u00e9cifications techniques ref A2002 &#8211;&gt; Pour plus d\u2019informations et d\u00e9tails<br \/>\ncontactez nous : 07 49 22 89 11<\/p>\n","protected":false},"featured_media":57135,"comment_status":"closed","ping_status":"closed","template":"","meta":{"_acf_changed":false,"inline_featured_image":false},"product_brand":[],"product_cat":[17,52],"product_tag":[],"class_list":{"0":"post-57134","1":"product","2":"type-product","3":"status-publish","4":"has-post-thumbnail","6":"product_cat-chaussures","7":"product_cat-jmweston","9":"first","10":"outofstock","11":"taxable","12":"shipping-taxable","13":"purchasable","14":"product-type-simple"},"acf":[],"yoast_head":"<!-- This site is optimized with the Yoast SEO plugin v27.0 - https:\/\/yoast.com\/product\/yoast-seo-wordpress\/ -->\n<title>JM Weston Golf - Vadrouille<\/title>\n<meta name=\"robots\" content=\"index, follow, max-snippet:-1, max-image-preview:large, max-video-preview:-1\" \/>\n<link rel=\"canonical\" href=\"https:\/\/www.jevadrouille.com\/produit\/golf-9\/\" \/>\n<meta property=\"og:locale\" content=\"en_US\" \/>\n<meta property=\"og:type\" content=\"article\" \/>\n<meta property=\"og:title\" content=\"JM Weston Golf - Vadrouille\" \/>\n<meta property=\"og:description\" content=\"Le Golf Weston, un mod\u00e8le embl\u00e9matique Ce derby Golf est un pilier de la maison Weston, faisant partie des ic\u00f4nes intemporelles. Depuis sa cr\u00e9ation en 1955, la silhouette de ce mod\u00e8le n&#039;a jamais \u00e9t\u00e9 modifi\u00e9e, t\u00e9moignant de son succ\u00e8s constant. Sa durabilit\u00e9, sa solidit\u00e9 et sa r\u00e9parabilit\u00e9 font de ce mod\u00e8le Golf d\u2019occasion une pi\u00e8ce indispensable.  Ce Golf forme 641, est un derby en cuir de veau \u00e0 la\u00e7age cinq \u0153illets. Arborant une semelle cousue goodyear, cette chaussure saura traverser les ann\u00e9es. Sa durabilit\u00e9, sa solidit\u00e9 et sa r\u00e9parabilit\u00e9 font de ce mod\u00e8le Golf d\u2019occasion une pi\u00e8ce indispensable.  Il existe aujourd&#039;hui des d\u00e9clinaisons de ce mod\u00e8le JM Weston, avec des chaussures montantes, des peausseries et couleurs moins classiques, des montages et styles qui varient. Des nouvelles versions \u00e9mergent avec le mod\u00e8le Eug\u00e8ne velours par exemple ou m\u00eame la cr\u00e9ation triple semelle en collaboration avec Uniforme, etc. Besoin d&#039;accompagnement ? Retrouvez nos conseils pour prendre soin de cette paire embl\u00e9matique  Profitez de notre guide des tailles et choisissez la bonne pointure pour vos pieds.  Nous sommes disponibles par message et par mail pour r\u00e9pondre \u00e0 vos questions.  Mail : jevadrouille.com@gmail.com  T\u00e9l\u00e9phone : 07 49 22 89 11 Donnez nous des nouvelles de vos chaussures ! Jetez un \u0153il aux diff\u00e9rentes marques, et profitez de notre catalogue JM Weston pour hommes et femmes, pour trouver des Golf \u00e0 prix r\u00e9duit !  Sp\u00e9cifications techniques ref A2002 --&gt; Pour plus d\u2019informations et d\u00e9tails contactez nous : 07 49 22 89 11\" \/>\n<meta property=\"og:url\" content=\"https:\/\/www.jevadrouille.com\/produit\/golf-9\/\" \/>\n<meta property=\"og:site_name\" content=\"Vadrouille\" \/>\n<meta property=\"article:modified_time\" content=\"2025-10-05T12:04:45+00:00\" \/>\n<meta property=\"og:image\" content=\"https:\/\/www.jevadrouille.com\/wp-content\/uploads\/2025\/07\/IMG_5181-scaled.webp\" \/>\n\t<meta property=\"og:image:width\" content=\"1920\" \/>\n\t<meta property=\"og:image:height\" content=\"2560\" \/>\n\t<meta property=\"og:image:type\" content=\"image\/webp\" \/>\n<meta name=\"twitter:card\" content=\"summary_large_image\" \/>\n<meta name=\"twitter:label1\" content=\"Est. reading time\" \/>\n\t<meta name=\"twitter:data1\" content=\"1 minute\" \/>\n<script type=\"application\/ld+json\" class=\"yoast-schema-graph\">{\"@context\":\"https:\/\/schema.org\",\"@graph\":[{\"@type\":\"WebPage\",\"@id\":\"https:\/\/www.jevadrouille.com\/produit\/golf-9\/\",\"url\":\"https:\/\/www.jevadrouille.com\/produit\/golf-9\/\",\"name\":\"JM Weston Golf - Vadrouille\",\"isPartOf\":{\"@id\":\"https:\/\/www.jevadrouille.com\/#website\"},\"primaryImageOfPage\":{\"@id\":\"https:\/\/www.jevadrouille.com\/produit\/golf-9\/#primaryimage\"},\"image\":{\"@id\":\"https:\/\/www.jevadrouille.com\/produit\/golf-9\/#primaryimage\"},\"thumbnailUrl\":\"https:\/\/www.jevadrouille.com\/wp-content\/uploads\/2025\/07\/IMG_5181-scaled.webp\",\"datePublished\":\"2025-07-11T15:06:58+00:00\",\"dateModified\":\"2025-10-05T12:04:45+00:00\",\"breadcrumb\":{\"@id\":\"https:\/\/www.jevadrouille.com\/produit\/golf-9\/#breadcrumb\"},\"inLanguage\":\"en-US\",\"potentialAction\":[{\"@type\":\"ReadAction\",\"target\":[\"https:\/\/www.jevadrouille.com\/produit\/golf-9\/\"]}]},{\"@type\":\"ImageObject\",\"inLanguage\":\"en-US\",\"@id\":\"https:\/\/www.jevadrouille.com\/produit\/golf-9\/#primaryimage\",\"url\":\"https:\/\/www.jevadrouille.com\/wp-content\/uploads\/2025\/07\/IMG_5181-scaled.webp\",\"contentUrl\":\"https:\/\/www.jevadrouille.com\/wp-content\/uploads\/2025\/07\/IMG_5181-scaled.webp\",\"width\":1920,\"height\":2560},{\"@type\":\"BreadcrumbList\",\"@id\":\"https:\/\/www.jevadrouille.com\/produit\/golf-9\/#breadcrumb\",\"itemListElement\":[{\"@type\":\"ListItem\",\"position\":1,\"name\":\"Home\",\"item\":\"https:\/\/www.jevadrouille.com\/\"},{\"@type\":\"ListItem\",\"position\":2,\"name\":\"Shop\",\"item\":\"https:\/\/www.jevadrouille.com\/en\/shop\/\"},{\"@type\":\"ListItem\",\"position\":3,\"name\":\"Golf\"}]},{\"@type\":\"WebSite\",\"@id\":\"https:\/\/www.jevadrouille.com\/#website\",\"url\":\"https:\/\/www.jevadrouille.com\/\",\"name\":\"Vadrouille\",\"description\":\"Achetez vos chaussures haut de gamme reconditionn\u00e9es\",\"publisher\":{\"@id\":\"https:\/\/www.jevadrouille.com\/#organization\"},\"potentialAction\":[{\"@type\":\"SearchAction\",\"target\":{\"@type\":\"EntryPoint\",\"urlTemplate\":\"https:\/\/www.jevadrouille.com\/?s={search_term_string}\"},\"query-input\":{\"@type\":\"PropertyValueSpecification\",\"valueRequired\":true,\"valueName\":\"search_term_string\"}}],\"inLanguage\":\"en-US\"},{\"@type\":\"Organization\",\"@id\":\"https:\/\/www.jevadrouille.com\/#organization\",\"name\":\"Vadrouille\",\"url\":\"https:\/\/www.jevadrouille.com\/\",\"logo\":{\"@type\":\"ImageObject\",\"inLanguage\":\"en-US\",\"@id\":\"https:\/\/www.jevadrouille.com\/#\/schema\/logo\/image\/\",\"url\":\"https:\/\/www.jevadrouille.com\/wp-content\/uploads\/2023\/02\/LOGO_VADROUILLE_Q.png\",\"contentUrl\":\"https:\/\/www.jevadrouille.com\/wp-content\/uploads\/2023\/02\/LOGO_VADROUILLE_Q.png\",\"width\":1613,\"height\":617,\"caption\":\"Vadrouille\"},\"image\":{\"@id\":\"https:\/\/www.jevadrouille.com\/#\/schema\/logo\/image\/\"}}]}<\/script>\n<!-- \/ Yoast SEO plugin. -->","yoast_head_json":{"title":"JM Weston Golf - Vadrouille","robots":{"index":"index","follow":"follow","max-snippet":"max-snippet:-1","max-image-preview":"max-image-preview:large","max-video-preview":"max-video-preview:-1"},"canonical":"https:\/\/www.jevadrouille.com\/produit\/golf-9\/","og_locale":"en_US","og_type":"article","og_title":"JM Weston Golf - Vadrouille","og_description":"Le Golf Weston, un mod\u00e8le embl\u00e9matique Ce derby Golf est un pilier de la maison Weston, faisant partie des ic\u00f4nes intemporelles. Depuis sa cr\u00e9ation en 1955, la silhouette de ce mod\u00e8le n'a jamais \u00e9t\u00e9 modifi\u00e9e, t\u00e9moignant de son succ\u00e8s constant. Sa durabilit\u00e9, sa solidit\u00e9 et sa r\u00e9parabilit\u00e9 font de ce mod\u00e8le Golf d\u2019occasion une pi\u00e8ce indispensable.  Ce Golf forme 641, est un derby en cuir de veau \u00e0 la\u00e7age cinq \u0153illets. Arborant une semelle cousue goodyear, cette chaussure saura traverser les ann\u00e9es. Sa durabilit\u00e9, sa solidit\u00e9 et sa r\u00e9parabilit\u00e9 font de ce mod\u00e8le Golf d\u2019occasion une pi\u00e8ce indispensable.  Il existe aujourd'hui des d\u00e9clinaisons de ce mod\u00e8le JM Weston, avec des chaussures montantes, des peausseries et couleurs moins classiques, des montages et styles qui varient. Des nouvelles versions \u00e9mergent avec le mod\u00e8le Eug\u00e8ne velours par exemple ou m\u00eame la cr\u00e9ation triple semelle en collaboration avec Uniforme, etc. Besoin d'accompagnement ? Retrouvez nos conseils pour prendre soin de cette paire embl\u00e9matique  Profitez de notre guide des tailles et choisissez la bonne pointure pour vos pieds.  Nous sommes disponibles par message et par mail pour r\u00e9pondre \u00e0 vos questions.  Mail : jevadrouille.com@gmail.com  T\u00e9l\u00e9phone : 07 49 22 89 11 Donnez nous des nouvelles de vos chaussures ! Jetez un \u0153il aux diff\u00e9rentes marques, et profitez de notre catalogue JM Weston pour hommes et femmes, pour trouver des Golf \u00e0 prix r\u00e9duit !  Sp\u00e9cifications techniques ref A2002 --&gt; Pour plus d\u2019informations et d\u00e9tails contactez nous : 07 49 22 89 11","og_url":"https:\/\/www.jevadrouille.com\/produit\/golf-9\/","og_site_name":"Vadrouille","article_modified_time":"2025-10-05T12:04:45+00:00","og_image":[{"width":1920,"height":2560,"url":"https:\/\/www.jevadrouille.com\/wp-content\/uploads\/2025\/07\/IMG_5181-scaled.webp","type":"image\/webp"}],"twitter_card":"summary_large_image","twitter_misc":{"Est. reading time":"1 minute"},"schema":{"@context":"https:\/\/schema.org","@graph":[{"@type":"WebPage","@id":"https:\/\/www.jevadrouille.com\/produit\/golf-9\/","url":"https:\/\/www.jevadrouille.com\/produit\/golf-9\/","name":"JM Weston Golf - Vadrouille","isPartOf":{"@id":"https:\/\/www.jevadrouille.com\/#website"},"primaryImageOfPage":{"@id":"https:\/\/www.jevadrouille.com\/produit\/golf-9\/#primaryimage"},"image":{"@id":"https:\/\/www.jevadrouille.com\/produit\/golf-9\/#primaryimage"},"thumbnailUrl":"https:\/\/www.jevadrouille.com\/wp-content\/uploads\/2025\/07\/IMG_5181-scaled.webp","datePublished":"2025-07-11T15:06:58+00:00","dateModified":"2025-10-05T12:04:45+00:00","breadcrumb":{"@id":"https:\/\/www.jevadrouille.com\/produit\/golf-9\/#breadcrumb"},"inLanguage":"en-US","potentialAction":[{"@type":"ReadAction","target":["https:\/\/www.jevadrouille.com\/produit\/golf-9\/"]}]},{"@type":"ImageObject","inLanguage":"en-US","@id":"https:\/\/www.jevadrouille.com\/produit\/golf-9\/#primaryimage","url":"https:\/\/www.jevadrouille.com\/wp-content\/uploads\/2025\/07\/IMG_5181-scaled.webp","contentUrl":"https:\/\/www.jevadrouille.com\/wp-content\/uploads\/2025\/07\/IMG_5181-scaled.webp","width":1920,"height":2560},{"@type":"BreadcrumbList","@id":"https:\/\/www.jevadrouille.com\/produit\/golf-9\/#breadcrumb","itemListElement":[{"@type":"ListItem","position":1,"name":"Home","item":"https:\/\/www.jevadrouille.com\/"},{"@type":"ListItem","position":2,"name":"Shop","item":"https:\/\/www.jevadrouille.com\/en\/shop\/"},{"@type":"ListItem","position":3,"name":"Golf"}]},{"@type":"WebSite","@id":"https:\/\/www.jevadrouille.com\/#website","url":"https:\/\/www.jevadrouille.com\/","name":"Vadrouille","description":"Achetez vos chaussures haut de gamme reconditionn\u00e9es","publisher":{"@id":"https:\/\/www.jevadrouille.com\/#organization"},"potentialAction":[{"@type":"SearchAction","target":{"@type":"EntryPoint","urlTemplate":"https:\/\/www.jevadrouille.com\/?s={search_term_string}"},"query-input":{"@type":"PropertyValueSpecification","valueRequired":true,"valueName":"search_term_string"}}],"inLanguage":"en-US"},{"@type":"Organization","@id":"https:\/\/www.jevadrouille.com\/#organization","name":"Vadrouille","url":"https:\/\/www.jevadrouille.com\/","logo":{"@type":"ImageObject","inLanguage":"en-US","@id":"https:\/\/www.jevadrouille.com\/#\/schema\/logo\/image\/","url":"https:\/\/www.jevadrouille.com\/wp-content\/uploads\/2023\/02\/LOGO_VADROUILLE_Q.png","contentUrl":"https:\/\/www.jevadrouille.com\/wp-content\/uploads\/2023\/02\/LOGO_VADROUILLE_Q.png","width":1613,"height":617,"caption":"Vadrouille"},"image":{"@id":"https:\/\/www.jevadrouille.com\/#\/schema\/logo\/image\/"}}]}},"_links":{"self":[{"href":"https:\/\/www.jevadrouille.com\/en\/wp-json\/wp\/v2\/product\/57134","targetHints":{"allow":["GET"]}}],"collection":[{"href":"https:\/\/www.jevadrouille.com\/en\/wp-json\/wp\/v2\/product"}],"about":[{"href":"https:\/\/www.jevadrouille.com\/en\/wp-json\/wp\/v2\/types\/product"}],"replies":[{"embeddable":true,"href":"https:\/\/www.jevadrouille.com\/en\/wp-json\/wp\/v2\/comments?post=57134"}],"wp:featuredmedia":[{"embeddable":true,"href":"https:\/\/www.jevadrouille.com\/en\/wp-json\/wp\/v2\/media\/57135"}],"wp:attachment":[{"href":"https:\/\/www.jevadrouille.com\/en\/wp-json\/wp\/v2\/media?parent=57134"}],"wp:term":[{"taxonomy":"product_brand","embeddable":true,"href":"https:\/\/www.jevadrouille.com\/en\/wp-json\/wp\/v2\/product_brand?post=57134"},{"taxonomy":"product_cat","embeddable":true,"href":"https:\/\/www.jevadrouille.com\/en\/wp-json\/wp\/v2\/product_cat?post=57134"},{"taxonomy":"product_tag","embeddable":true,"href":"https:\/\/www.jevadrouille.com\/en\/wp-json\/wp\/v2\/product_tag?post=57134"}],"curies":[{"name":"wp","href":"https:\/\/api.w.org\/{rel}","templated":true}]}}