{"id":72497,"date":"2026-01-26T17:47:35","date_gmt":"2026-01-26T17:47:35","guid":{"rendered":"https:\/\/www.jevadrouille.com\/produit\/avignon-44\/"},"modified":"2026-03-08T13:33:34","modified_gmt":"2026-03-08T13:33:34","slug":"avignon-44","status":"publish","type":"product","link":"https:\/\/www.jevadrouille.com\/en\/product\/avignon-44\/","title":{"rendered":"Avignon"},"content":{"rendered":"<p>Avec la d\u00e9marche Vadrouille, vous mettez en mouvement cette paire de chaussures Paraboot.<\/p>\n<p>Ces chaussures d&#8217;occasion, entretenues avec soin par l&#8217;\u00e9quipe Vadrouille, vivront avec vous le temps d&#8217;une autre vie.<\/p>\n<p>En achetant cette paire de derbies de chez Paraboot en seconde main, vous faites une belle action.<\/p>\n","protected":false},"excerpt":{"rendered":"<h2><strong>Avignon, le derby chasse Paraboot<\/strong><\/h2>\n<p>La chaussure Avignon est une des ic\u00f4nes de la marque fran\u00e7aise Paraboot, ce mod\u00e8le saura vous s\u00e9duire par son style, ses finitions et sa robustesse.  Le cuir v\u00e9ritable de cette chaussure de ville, par son tannage et son travail, est aussi r\u00e9sistant et durable que les fameux remparts d&#8217;Avignon. Pour la petite histoire, Avignon est une ville du sud de la France, fortifi\u00e9e par des kilom\u00e8tres de rempart. Souvent fabriqu\u00e9e avec des semelles en gomme naturelle, vous pourrez ais\u00e9ment faire ressemeler vos chaussures apr\u00e8s des ann\u00e9es d\u2019utilisation. C&#8217;est gr\u00e2ce \u00e0 ses superbes caract\u00e9ristiques que ces chaussures ont travers\u00e9 les \u00e9poques et se sont inscrites au m\u00eame titre que les Michael, dans la l\u00e9gende et l&#8217;histoire de Paraboot.<\/p>\n<p><h3><strong>Quelques pr\u00e9cisions sur ce mod\u00e8le vintage :<\/strong><\/h3>\n<p>\nCes derbies existent dans diverses mati\u00e8res, mais le plus souvent en cuir lisse. Ces souliers pour Homme sont de couleur Marron et de pointure 9. Ce beau mod\u00e8le arbore une semelle cousue Norv\u00e9gien. Un cousu que l&#8217;on trouve peu car plus difficile \u00e0 faire. Associant la couture \u00e0 intercalaire, le collage gomme qui s&#8217;ajoute vous assurera une paire plus que r\u00e9parable.\n<\/p>\n<h3><strong>Besoin d&#8217;un coup de main ?<\/strong><\/h3>\n<\/p>\n<p>Venez voir les astuces basiques pour entretenir vos Paraboot.<\/p>\n<p>Profitez du guide des pointures pour d\u00e9terminer quoi choisir pour vos pieds.<\/p>\n<p>Notre service client est \u00e0 l&#8217;\u00e9coute tous les jours par message et par mail pour vous renseigner.<\/p>\n<p>Mail : jevadrouille.com@gmail.com<\/p>\n<p>T\u00e9l\u00e9phone : 07 49 22 89 11<\/p>\n<h3><strong>Faites nous un retour sur le site Vadrouille !<\/strong><\/h3>\n<p>\nVenez jeter un \u0153il \u00e0 notre boutique en ligne Paraboot et profitez d\u2019avantages : prix r\u00e9duits, livraison offerte, produits offerts. Vous en vouliez encore plus ? Alors partagez-nous vos id\u00e9es.\n<\/p>\n<p> Sp\u00e9cifications techniques ref A2052 &#8211;> Pour plus d\u2019informations et d\u00e9tails<br \/>\ncontactez nous : 07 49 22 89 11<\/p>\n","protected":false},"featured_media":72521,"comment_status":"closed","ping_status":"closed","template":"","meta":{"_acf_changed":false,"inline_featured_image":false},"product_brand":[],"product_cat":[17,50],"product_tag":[],"class_list":{"0":"post-72497","1":"product","2":"type-product","3":"status-publish","4":"has-post-thumbnail","6":"product_cat-chaussures","7":"product_cat-paraboot","9":"first","10":"outofstock","11":"taxable","12":"shipping-taxable","13":"purchasable","14":"product-type-simple"},"acf":[],"yoast_head":"<!-- This site is optimized with the Yoast SEO plugin v27.0 - https:\/\/yoast.com\/product\/yoast-seo-wordpress\/ -->\n<title>Paraboot Avignon - Vadrouille<\/title>\n<meta name=\"robots\" content=\"index, follow, max-snippet:-1, max-image-preview:large, max-video-preview:-1\" \/>\n<link rel=\"canonical\" href=\"https:\/\/www.jevadrouille.com\/produit\/avignon-44\/\" \/>\n<meta property=\"og:locale\" content=\"en_US\" \/>\n<meta property=\"og:type\" content=\"article\" \/>\n<meta property=\"og:title\" content=\"Paraboot Avignon - Vadrouille\" \/>\n<meta property=\"og:description\" content=\"Avignon, le derby chasse Paraboot    La chaussure Avignon est une des ic\u00f4nes de la marque fran\u00e7aise Paraboot, ce mod\u00e8le saura vous s\u00e9duire par son style, ses finitions et sa robustesse. Le cuir v\u00e9ritable de cette chaussure de ville, par son tannage et son travail, est aussi r\u00e9sistant et durable que les fameux remparts d&#039;Avignon. Pour la petite histoire, Avignon est une ville du sud de la France, fortifi\u00e9e par des kilom\u00e8tres de rempart. Souvent fabriqu\u00e9e avec des semelles en gomme naturelle, vous pourrez ais\u00e9ment faire ressemeler vos chaussures apr\u00e8s des ann\u00e9es d\u2019utilisation. C&#039;est gr\u00e2ce \u00e0 ses superbes caract\u00e9ristiques que ces chaussures ont travers\u00e9 les \u00e9poques et se sont inscrites au m\u00eame titre que les Michael, dans la l\u00e9gende et l&#039;histoire de Paraboot.  Quelques pr\u00e9cisions sur ce mod\u00e8le vintage :    Ces derbies existent dans diverses mati\u00e8res, mais le plus souvent en cuir lisse. Ces souliers pour Homme sont de couleur Marron et de pointure 9. Ce beau mod\u00e8le arbore une semelle cousue Norv\u00e9gien. Un cousu que l&#039;on trouve peu car plus difficile \u00e0 faire. Associant la couture \u00e0 intercalaire, le collage gomme qui s&#039;ajoute vous assurera une paire plus que r\u00e9parable.  Besoin d&#039;un coup de main ?     Venez voir les astuces basiques pour entretenir vos Paraboot.  Profitez du guide des pointures pour d\u00e9terminer quoi choisir pour vos pieds.  Notre service client est \u00e0 l&#039;\u00e9coute tous les jours par message et par mail pour vous renseigner.   Mail : jevadrouille.com@gmail.com  T\u00e9l\u00e9phone : 07 49 22 89 11 Faites nous un retour sur le site Vadrouille !    Venez jeter un \u0153il \u00e0 notre boutique en ligne Paraboot et profitez d\u2019avantages : prix r\u00e9duits, livraison offerte, produits offerts. Vous en vouliez encore plus ? Alors partagez-nous vos id\u00e9es.  Sp\u00e9cifications techniques ref A2052 --&gt; Pour plus d\u2019informations et d\u00e9tails contactez nous : 07 49 22 89 11\" \/>\n<meta property=\"og:url\" content=\"https:\/\/www.jevadrouille.com\/produit\/avignon-44\/\" \/>\n<meta property=\"og:site_name\" content=\"Vadrouille\" \/>\n<meta property=\"article:modified_time\" content=\"2026-03-08T13:33:34+00:00\" \/>\n<meta property=\"og:image\" content=\"https:\/\/www.jevadrouille.com\/wp-content\/uploads\/2026\/01\/A2052-1.JPG-scaled.webp\" \/>\n\t<meta property=\"og:image:width\" content=\"1920\" \/>\n\t<meta property=\"og:image:height\" content=\"2560\" \/>\n\t<meta property=\"og:image:type\" content=\"image\/webp\" \/>\n<meta name=\"twitter:card\" content=\"summary_large_image\" \/>\n<meta name=\"twitter:label1\" content=\"Est. reading time\" \/>\n\t<meta name=\"twitter:data1\" content=\"1 minute\" \/>\n<script type=\"application\/ld+json\" class=\"yoast-schema-graph\">{\"@context\":\"https:\/\/schema.org\",\"@graph\":[{\"@type\":\"WebPage\",\"@id\":\"https:\/\/www.jevadrouille.com\/produit\/avignon-44\/\",\"url\":\"https:\/\/www.jevadrouille.com\/produit\/avignon-44\/\",\"name\":\"Paraboot Avignon - Vadrouille\",\"isPartOf\":{\"@id\":\"https:\/\/www.jevadrouille.com\/#website\"},\"primaryImageOfPage\":{\"@id\":\"https:\/\/www.jevadrouille.com\/produit\/avignon-44\/#primaryimage\"},\"image\":{\"@id\":\"https:\/\/www.jevadrouille.com\/produit\/avignon-44\/#primaryimage\"},\"thumbnailUrl\":\"https:\/\/www.jevadrouille.com\/wp-content\/uploads\/2026\/01\/A2052-1.JPG-scaled.webp\",\"datePublished\":\"2026-01-26T17:47:35+00:00\",\"dateModified\":\"2026-03-08T13:33:34+00:00\",\"breadcrumb\":{\"@id\":\"https:\/\/www.jevadrouille.com\/produit\/avignon-44\/#breadcrumb\"},\"inLanguage\":\"en-US\",\"potentialAction\":[{\"@type\":\"ReadAction\",\"target\":[\"https:\/\/www.jevadrouille.com\/produit\/avignon-44\/\"]}]},{\"@type\":\"ImageObject\",\"inLanguage\":\"en-US\",\"@id\":\"https:\/\/www.jevadrouille.com\/produit\/avignon-44\/#primaryimage\",\"url\":\"https:\/\/www.jevadrouille.com\/wp-content\/uploads\/2026\/01\/A2052-1.JPG-scaled.webp\",\"contentUrl\":\"https:\/\/www.jevadrouille.com\/wp-content\/uploads\/2026\/01\/A2052-1.JPG-scaled.webp\",\"width\":1920,\"height\":2560},{\"@type\":\"BreadcrumbList\",\"@id\":\"https:\/\/www.jevadrouille.com\/produit\/avignon-44\/#breadcrumb\",\"itemListElement\":[{\"@type\":\"ListItem\",\"position\":1,\"name\":\"Home\",\"item\":\"https:\/\/www.jevadrouille.com\/\"},{\"@type\":\"ListItem\",\"position\":2,\"name\":\"Shop\",\"item\":\"https:\/\/www.jevadrouille.com\/en\/shop\/\"},{\"@type\":\"ListItem\",\"position\":3,\"name\":\"Avignon\"}]},{\"@type\":\"WebSite\",\"@id\":\"https:\/\/www.jevadrouille.com\/#website\",\"url\":\"https:\/\/www.jevadrouille.com\/\",\"name\":\"Vadrouille\",\"description\":\"Achetez vos chaussures haut de gamme reconditionn\u00e9es\",\"publisher\":{\"@id\":\"https:\/\/www.jevadrouille.com\/#organization\"},\"potentialAction\":[{\"@type\":\"SearchAction\",\"target\":{\"@type\":\"EntryPoint\",\"urlTemplate\":\"https:\/\/www.jevadrouille.com\/?s={search_term_string}\"},\"query-input\":{\"@type\":\"PropertyValueSpecification\",\"valueRequired\":true,\"valueName\":\"search_term_string\"}}],\"inLanguage\":\"en-US\"},{\"@type\":\"Organization\",\"@id\":\"https:\/\/www.jevadrouille.com\/#organization\",\"name\":\"Vadrouille\",\"url\":\"https:\/\/www.jevadrouille.com\/\",\"logo\":{\"@type\":\"ImageObject\",\"inLanguage\":\"en-US\",\"@id\":\"https:\/\/www.jevadrouille.com\/#\/schema\/logo\/image\/\",\"url\":\"https:\/\/www.jevadrouille.com\/wp-content\/uploads\/2023\/02\/LOGO_VADROUILLE_Q.png\",\"contentUrl\":\"https:\/\/www.jevadrouille.com\/wp-content\/uploads\/2023\/02\/LOGO_VADROUILLE_Q.png\",\"width\":1613,\"height\":617,\"caption\":\"Vadrouille\"},\"image\":{\"@id\":\"https:\/\/www.jevadrouille.com\/#\/schema\/logo\/image\/\"}}]}<\/script>\n<!-- \/ Yoast SEO plugin. -->","yoast_head_json":{"title":"Paraboot Avignon - Vadrouille","robots":{"index":"index","follow":"follow","max-snippet":"max-snippet:-1","max-image-preview":"max-image-preview:large","max-video-preview":"max-video-preview:-1"},"canonical":"https:\/\/www.jevadrouille.com\/produit\/avignon-44\/","og_locale":"en_US","og_type":"article","og_title":"Paraboot Avignon - Vadrouille","og_description":"Avignon, le derby chasse Paraboot    La chaussure Avignon est une des ic\u00f4nes de la marque fran\u00e7aise Paraboot, ce mod\u00e8le saura vous s\u00e9duire par son style, ses finitions et sa robustesse. Le cuir v\u00e9ritable de cette chaussure de ville, par son tannage et son travail, est aussi r\u00e9sistant et durable que les fameux remparts d'Avignon. Pour la petite histoire, Avignon est une ville du sud de la France, fortifi\u00e9e par des kilom\u00e8tres de rempart. Souvent fabriqu\u00e9e avec des semelles en gomme naturelle, vous pourrez ais\u00e9ment faire ressemeler vos chaussures apr\u00e8s des ann\u00e9es d\u2019utilisation. C'est gr\u00e2ce \u00e0 ses superbes caract\u00e9ristiques que ces chaussures ont travers\u00e9 les \u00e9poques et se sont inscrites au m\u00eame titre que les Michael, dans la l\u00e9gende et l'histoire de Paraboot.  Quelques pr\u00e9cisions sur ce mod\u00e8le vintage :    Ces derbies existent dans diverses mati\u00e8res, mais le plus souvent en cuir lisse. Ces souliers pour Homme sont de couleur Marron et de pointure 9. Ce beau mod\u00e8le arbore une semelle cousue Norv\u00e9gien. Un cousu que l'on trouve peu car plus difficile \u00e0 faire. Associant la couture \u00e0 intercalaire, le collage gomme qui s'ajoute vous assurera une paire plus que r\u00e9parable.  Besoin d'un coup de main ?     Venez voir les astuces basiques pour entretenir vos Paraboot.  Profitez du guide des pointures pour d\u00e9terminer quoi choisir pour vos pieds.  Notre service client est \u00e0 l'\u00e9coute tous les jours par message et par mail pour vous renseigner.   Mail : jevadrouille.com@gmail.com  T\u00e9l\u00e9phone : 07 49 22 89 11 Faites nous un retour sur le site Vadrouille !    Venez jeter un \u0153il \u00e0 notre boutique en ligne Paraboot et profitez d\u2019avantages : prix r\u00e9duits, livraison offerte, produits offerts. Vous en vouliez encore plus ? Alors partagez-nous vos id\u00e9es.  Sp\u00e9cifications techniques ref A2052 --> Pour plus d\u2019informations et d\u00e9tails contactez nous : 07 49 22 89 11","og_url":"https:\/\/www.jevadrouille.com\/produit\/avignon-44\/","og_site_name":"Vadrouille","article_modified_time":"2026-03-08T13:33:34+00:00","og_image":[{"width":1920,"height":2560,"url":"https:\/\/www.jevadrouille.com\/wp-content\/uploads\/2026\/01\/A2052-1.JPG-scaled.webp","type":"image\/webp"}],"twitter_card":"summary_large_image","twitter_misc":{"Est. reading time":"1 minute"},"schema":{"@context":"https:\/\/schema.org","@graph":[{"@type":"WebPage","@id":"https:\/\/www.jevadrouille.com\/produit\/avignon-44\/","url":"https:\/\/www.jevadrouille.com\/produit\/avignon-44\/","name":"Paraboot Avignon - Vadrouille","isPartOf":{"@id":"https:\/\/www.jevadrouille.com\/#website"},"primaryImageOfPage":{"@id":"https:\/\/www.jevadrouille.com\/produit\/avignon-44\/#primaryimage"},"image":{"@id":"https:\/\/www.jevadrouille.com\/produit\/avignon-44\/#primaryimage"},"thumbnailUrl":"https:\/\/www.jevadrouille.com\/wp-content\/uploads\/2026\/01\/A2052-1.JPG-scaled.webp","datePublished":"2026-01-26T17:47:35+00:00","dateModified":"2026-03-08T13:33:34+00:00","breadcrumb":{"@id":"https:\/\/www.jevadrouille.com\/produit\/avignon-44\/#breadcrumb"},"inLanguage":"en-US","potentialAction":[{"@type":"ReadAction","target":["https:\/\/www.jevadrouille.com\/produit\/avignon-44\/"]}]},{"@type":"ImageObject","inLanguage":"en-US","@id":"https:\/\/www.jevadrouille.com\/produit\/avignon-44\/#primaryimage","url":"https:\/\/www.jevadrouille.com\/wp-content\/uploads\/2026\/01\/A2052-1.JPG-scaled.webp","contentUrl":"https:\/\/www.jevadrouille.com\/wp-content\/uploads\/2026\/01\/A2052-1.JPG-scaled.webp","width":1920,"height":2560},{"@type":"BreadcrumbList","@id":"https:\/\/www.jevadrouille.com\/produit\/avignon-44\/#breadcrumb","itemListElement":[{"@type":"ListItem","position":1,"name":"Home","item":"https:\/\/www.jevadrouille.com\/"},{"@type":"ListItem","position":2,"name":"Shop","item":"https:\/\/www.jevadrouille.com\/en\/shop\/"},{"@type":"ListItem","position":3,"name":"Avignon"}]},{"@type":"WebSite","@id":"https:\/\/www.jevadrouille.com\/#website","url":"https:\/\/www.jevadrouille.com\/","name":"Vadrouille","description":"Achetez vos chaussures haut de gamme reconditionn\u00e9es","publisher":{"@id":"https:\/\/www.jevadrouille.com\/#organization"},"potentialAction":[{"@type":"SearchAction","target":{"@type":"EntryPoint","urlTemplate":"https:\/\/www.jevadrouille.com\/?s={search_term_string}"},"query-input":{"@type":"PropertyValueSpecification","valueRequired":true,"valueName":"search_term_string"}}],"inLanguage":"en-US"},{"@type":"Organization","@id":"https:\/\/www.jevadrouille.com\/#organization","name":"Vadrouille","url":"https:\/\/www.jevadrouille.com\/","logo":{"@type":"ImageObject","inLanguage":"en-US","@id":"https:\/\/www.jevadrouille.com\/#\/schema\/logo\/image\/","url":"https:\/\/www.jevadrouille.com\/wp-content\/uploads\/2023\/02\/LOGO_VADROUILLE_Q.png","contentUrl":"https:\/\/www.jevadrouille.com\/wp-content\/uploads\/2023\/02\/LOGO_VADROUILLE_Q.png","width":1613,"height":617,"caption":"Vadrouille"},"image":{"@id":"https:\/\/www.jevadrouille.com\/#\/schema\/logo\/image\/"}}]}},"_links":{"self":[{"href":"https:\/\/www.jevadrouille.com\/en\/wp-json\/wp\/v2\/product\/72497","targetHints":{"allow":["GET"]}}],"collection":[{"href":"https:\/\/www.jevadrouille.com\/en\/wp-json\/wp\/v2\/product"}],"about":[{"href":"https:\/\/www.jevadrouille.com\/en\/wp-json\/wp\/v2\/types\/product"}],"replies":[{"embeddable":true,"href":"https:\/\/www.jevadrouille.com\/en\/wp-json\/wp\/v2\/comments?post=72497"}],"wp:featuredmedia":[{"embeddable":true,"href":"https:\/\/www.jevadrouille.com\/en\/wp-json\/wp\/v2\/media\/72521"}],"wp:attachment":[{"href":"https:\/\/www.jevadrouille.com\/en\/wp-json\/wp\/v2\/media?parent=72497"}],"wp:term":[{"taxonomy":"product_brand","embeddable":true,"href":"https:\/\/www.jevadrouille.com\/en\/wp-json\/wp\/v2\/product_brand?post=72497"},{"taxonomy":"product_cat","embeddable":true,"href":"https:\/\/www.jevadrouille.com\/en\/wp-json\/wp\/v2\/product_cat?post=72497"},{"taxonomy":"product_tag","embeddable":true,"href":"https:\/\/www.jevadrouille.com\/en\/wp-json\/wp\/v2\/product_tag?post=72497"}],"curies":[{"name":"wp","href":"https:\/\/api.w.org\/{rel}","templated":true}]}}