{"id":73706,"date":"2026-02-05T18:29:37","date_gmt":"2026-02-05T18:29:37","guid":{"rendered":"https:\/\/www.jevadrouille.com\/produit\/180-63\/"},"modified":"2026-03-25T20:05:48","modified_gmt":"2026-03-25T20:05:48","slug":"180-63","status":"publish","type":"product","link":"https:\/\/www.jevadrouille.com\/en\/product\/180-63\/","title":{"rendered":"180"},"content":{"rendered":"<p>Avec la d\u00e9marche Vadrouille, vous mettez en mouvement cette paire de chaussures JM Weston.<\/p>\n<p>Ces chaussures d&#8217;occasion, entretenues avec soin par l&#8217;\u00e9quipe Vadrouille, vivront avec vous le temps d&#8217;une autre vie.<\/p>\n<p>En achetant cette paire de mocassins de chez JM Weston en seconde main, vous faites une belle action.<\/p>\n","protected":false},"excerpt":{"rendered":"<h2>Le 180 Weston, le Mocassin avec un grand M<\/h2>\n<p>\nLe 180 est sans aucun doute<strong> le mod\u00e8le homme de chez J.M. Weston le plus connu<\/strong>. Un classique de la marque, port\u00e9 par les plus grands noms, son intemporalit\u00e9 fait de lui un iconique.\n<\/p>\n<p>\nSelon la l\u00e9gende, ce mod\u00e8le en cuir est si pris\u00e9 qu\u2019\u00e0 une certaine \u00e9poque certains disaient que pour \u00e9viter les vols, les livraisons s\u00e9paraient les pieds droit des pieds gauches.\n<\/p>\n<p>\nOn le surnomme <strong>le mocassin des stars<\/strong>, car Gilles Lellouche, Pierre Niney, Vincent Cassel, ou encore Sophie Marceau, portent cette chaussure embl\u00e9matique. Le 180 est le symbole de la marque Weston, il reste un des mod\u00e8les de chaussures qui n&#8217;a jamais \u00e9t\u00e9 modifi\u00e9 depuis son lancement dans les ann\u00e9es 30 ou 40, d\u00e9montrant ainsi son intemporalit\u00e9.\n<\/p>\n<h3><strong>Pr\u00e9cisions sur la chaussure :<\/strong><\/h3>\n<p>\nLes chaussures que vous avez sous les yeux pr\u00e9sentent un cuir de couleur Marron. Cette paire de pointure 6 arbore une semelle cousue Goodyear. Ce montage technique vous assurera des souliers en cuir durables et r\u00e9parables.\n<\/p>\n<h3><strong>Besoin d&#8217;un peu d&#8217;aide ?<\/strong><\/h3>\n<\/p>\n<p>Retrouvez tous nos conseils pour entretenir vos mocassins<\/p>\n<p>Profitez de notre guide des pointures pour choisir la bonne longueur et la bonne taille en largeur (A-B-C-D-E-F-G).<\/p>\n<p>Nous sommes disponibles par message et par mail pour r\u00e9pondre \u00e0 vos questions.<\/p>\n<p>Mail : jevadrouille.com@gmail.com\n<\/p>\n<p>\nT\u00e9l\u00e9phone : 07 49 22 89 11\n<\/p>\n<h2><strong>Rumeurs et anecdotes sur le mod\u00e8le 180 Weston<\/strong><\/h2>\n<p>\nCe Loafer comme diraient les British, \u00e0 su se construire \u00e0 travers les histoires.\n<\/p>\n<p>\nQui ne s&#8217;est pas d\u00e9j\u00e0 demand\u00e9 <strong>\u00e0 quoi faisait r\u00e9f\u00e9rence 180 ?<\/strong>\n<\/p>\n<p>\nIl s&#8217;agit du nombre d&#8217;op\u00e9rations n\u00e9cessaires \u00e0 la fabrication de ce mod\u00e8le embl\u00e9matique.\n<\/p>\n<p>\n<strong>Pourquoi sur Instagram tous les Japonais sont friands du 180 Weston ?<\/strong>\n<\/p>\n<p>\nL\u00e0-bas, le succ\u00e8s de ce mocassin est li\u00e9 \u00e0 son usage, il est fait pour \u00eatre d\u00e9chauss\u00e9 facilement, ce qui facilite la vie de tous les japonais qui se d\u00e9chaussent tr\u00e8s souvent (Aspect culturel). Les mocassins en cuir de chez JM Weston seraient donc les plus souples et pratiques ?\n<\/p>\n<h3><strong>Faites nous un retour sur ces beaux mocassins !<\/strong><\/h3>\n<p>\nNaviguez \u00e0 travers la boutique en ligne hommes et femmes JM Weston et trouvez chaussures \u00e0 vos pieds !\n<\/p>\n<p> Sp\u00e9cifications techniques ref A2192 &#8211;> Pour plus d\u2019informations et d\u00e9tails<br \/>\ncontactez nous : 07 49 22 89 11<\/p>\n","protected":false},"featured_media":73794,"comment_status":"closed","ping_status":"closed","template":"","meta":{"_acf_changed":false,"inline_featured_image":false},"product_brand":[],"product_cat":[17,52],"product_tag":[],"class_list":{"0":"post-73706","1":"product","2":"type-product","3":"status-publish","4":"has-post-thumbnail","6":"product_cat-chaussures","7":"product_cat-jmweston","9":"first","10":"outofstock","11":"taxable","12":"shipping-taxable","13":"purchasable","14":"product-type-simple"},"acf":[],"yoast_head":"<!-- This site is optimized with the Yoast SEO plugin v27.0 - https:\/\/yoast.com\/product\/yoast-seo-wordpress\/ -->\n<title>JM Weston 180 - Vadrouille<\/title>\n<meta name=\"robots\" content=\"index, follow, max-snippet:-1, max-image-preview:large, max-video-preview:-1\" \/>\n<link rel=\"canonical\" href=\"https:\/\/www.jevadrouille.com\/produit\/180-63\/\" \/>\n<meta property=\"og:locale\" content=\"en_US\" \/>\n<meta property=\"og:type\" content=\"article\" \/>\n<meta property=\"og:title\" content=\"JM Weston 180 - Vadrouille\" \/>\n<meta property=\"og:description\" content=\"Le 180 Weston, le Mocassin avec un grand M    Le 180 est sans aucun doute le mod\u00e8le homme de chez J.M. Weston le plus connu. Un classique de la marque, port\u00e9 par les plus grands noms, son intemporalit\u00e9 fait de lui un iconique.   Selon la l\u00e9gende, ce mod\u00e8le en cuir est si pris\u00e9 qu\u2019\u00e0 une certaine \u00e9poque certains disaient que pour \u00e9viter les vols, les livraisons s\u00e9paraient les pieds droit des pieds gauches.   On le surnomme le mocassin des stars, car Gilles Lellouche, Pierre Niney, Vincent Cassel, ou encore Sophie Marceau, portent cette chaussure embl\u00e9matique. Le 180 est le symbole de la marque Weston, il reste un des mod\u00e8les de chaussures qui n&#039;a jamais \u00e9t\u00e9 modifi\u00e9 depuis son lancement dans les ann\u00e9es 30 ou 40, d\u00e9montrant ainsi son intemporalit\u00e9.  Pr\u00e9cisions sur la chaussure :    Les chaussures que vous avez sous les yeux pr\u00e9sentent un cuir de couleur Marron. Cette paire de pointure 6 arbore une semelle cousue Goodyear. Ce montage technique vous assurera des souliers en cuir durables et r\u00e9parables.   Besoin d&#039;un peu d&#039;aide ?   Retrouvez tous nos conseils pour entretenir vos mocassins  Profitez de notre guide des pointures pour choisir la bonne longueur et la bonne taille en largeur (A-B-C-D-E-F-G).  Nous sommes disponibles par message et par mail pour r\u00e9pondre \u00e0 vos questions.   Mail : jevadrouille.com@gmail.com   T\u00e9l\u00e9phone : 07 49 22 89 11  Rumeurs et anecdotes sur le mod\u00e8le 180 Weston    Ce Loafer comme diraient les British, \u00e0 su se construire \u00e0 travers les histoires.   Qui ne s&#039;est pas d\u00e9j\u00e0 demand\u00e9 \u00e0 quoi faisait r\u00e9f\u00e9rence 180 ?   Il s&#039;agit du nombre d&#039;op\u00e9rations n\u00e9cessaires \u00e0 la fabrication de ce mod\u00e8le embl\u00e9matique.   Pourquoi sur Instagram tous les Japonais sont friands du 180 Weston ?   L\u00e0-bas, le succ\u00e8s de ce mocassin est li\u00e9 \u00e0 son usage, il est fait pour \u00eatre d\u00e9chauss\u00e9 facilement, ce qui facilite la vie de tous les japonais qui se d\u00e9chaussent tr\u00e8s souvent (Aspect culturel). Les mocassins en cuir de chez JM Weston seraient donc les plus souples et pratiques ?  Faites nous un retour sur ces beaux mocassins !    Naviguez \u00e0 travers la boutique en ligne hommes et femmes JM Weston et trouvez chaussures \u00e0 vos pieds !  Sp\u00e9cifications techniques ref A2192 --&gt; Pour plus d\u2019informations et d\u00e9tails contactez nous : 07 49 22 89 11\" \/>\n<meta property=\"og:url\" content=\"https:\/\/www.jevadrouille.com\/produit\/180-63\/\" \/>\n<meta property=\"og:site_name\" content=\"Vadrouille\" \/>\n<meta property=\"article:modified_time\" content=\"2026-03-25T20:05:48+00:00\" \/>\n<meta property=\"og:image\" content=\"https:\/\/www.jevadrouille.com\/wp-content\/uploads\/2026\/02\/A2192-1.JPG-scaled.webp\" \/>\n\t<meta property=\"og:image:width\" content=\"1920\" \/>\n\t<meta property=\"og:image:height\" content=\"2560\" \/>\n\t<meta property=\"og:image:type\" content=\"image\/webp\" \/>\n<meta name=\"twitter:card\" content=\"summary_large_image\" \/>\n<meta name=\"twitter:label1\" content=\"Est. reading time\" \/>\n\t<meta name=\"twitter:data1\" content=\"1 minute\" \/>\n<script type=\"application\/ld+json\" class=\"yoast-schema-graph\">{\"@context\":\"https:\/\/schema.org\",\"@graph\":[{\"@type\":\"WebPage\",\"@id\":\"https:\/\/www.jevadrouille.com\/produit\/180-63\/\",\"url\":\"https:\/\/www.jevadrouille.com\/produit\/180-63\/\",\"name\":\"JM Weston 180 - Vadrouille\",\"isPartOf\":{\"@id\":\"https:\/\/www.jevadrouille.com\/#website\"},\"primaryImageOfPage\":{\"@id\":\"https:\/\/www.jevadrouille.com\/produit\/180-63\/#primaryimage\"},\"image\":{\"@id\":\"https:\/\/www.jevadrouille.com\/produit\/180-63\/#primaryimage\"},\"thumbnailUrl\":\"https:\/\/www.jevadrouille.com\/wp-content\/uploads\/2026\/02\/A2192-1.JPG-scaled.webp\",\"datePublished\":\"2026-02-05T18:29:37+00:00\",\"dateModified\":\"2026-03-25T20:05:48+00:00\",\"breadcrumb\":{\"@id\":\"https:\/\/www.jevadrouille.com\/produit\/180-63\/#breadcrumb\"},\"inLanguage\":\"en-US\",\"potentialAction\":[{\"@type\":\"ReadAction\",\"target\":[\"https:\/\/www.jevadrouille.com\/produit\/180-63\/\"]}]},{\"@type\":\"ImageObject\",\"inLanguage\":\"en-US\",\"@id\":\"https:\/\/www.jevadrouille.com\/produit\/180-63\/#primaryimage\",\"url\":\"https:\/\/www.jevadrouille.com\/wp-content\/uploads\/2026\/02\/A2192-1.JPG-scaled.webp\",\"contentUrl\":\"https:\/\/www.jevadrouille.com\/wp-content\/uploads\/2026\/02\/A2192-1.JPG-scaled.webp\",\"width\":1920,\"height\":2560},{\"@type\":\"BreadcrumbList\",\"@id\":\"https:\/\/www.jevadrouille.com\/produit\/180-63\/#breadcrumb\",\"itemListElement\":[{\"@type\":\"ListItem\",\"position\":1,\"name\":\"Home\",\"item\":\"https:\/\/www.jevadrouille.com\/\"},{\"@type\":\"ListItem\",\"position\":2,\"name\":\"Shop\",\"item\":\"https:\/\/www.jevadrouille.com\/en\/shop\/\"},{\"@type\":\"ListItem\",\"position\":3,\"name\":\"180\"}]},{\"@type\":\"WebSite\",\"@id\":\"https:\/\/www.jevadrouille.com\/#website\",\"url\":\"https:\/\/www.jevadrouille.com\/\",\"name\":\"Vadrouille\",\"description\":\"Achetez vos chaussures haut de gamme reconditionn\u00e9es\",\"publisher\":{\"@id\":\"https:\/\/www.jevadrouille.com\/#organization\"},\"potentialAction\":[{\"@type\":\"SearchAction\",\"target\":{\"@type\":\"EntryPoint\",\"urlTemplate\":\"https:\/\/www.jevadrouille.com\/?s={search_term_string}\"},\"query-input\":{\"@type\":\"PropertyValueSpecification\",\"valueRequired\":true,\"valueName\":\"search_term_string\"}}],\"inLanguage\":\"en-US\"},{\"@type\":\"Organization\",\"@id\":\"https:\/\/www.jevadrouille.com\/#organization\",\"name\":\"Vadrouille\",\"url\":\"https:\/\/www.jevadrouille.com\/\",\"logo\":{\"@type\":\"ImageObject\",\"inLanguage\":\"en-US\",\"@id\":\"https:\/\/www.jevadrouille.com\/#\/schema\/logo\/image\/\",\"url\":\"https:\/\/www.jevadrouille.com\/wp-content\/uploads\/2023\/02\/LOGO_VADROUILLE_Q.png\",\"contentUrl\":\"https:\/\/www.jevadrouille.com\/wp-content\/uploads\/2023\/02\/LOGO_VADROUILLE_Q.png\",\"width\":1613,\"height\":617,\"caption\":\"Vadrouille\"},\"image\":{\"@id\":\"https:\/\/www.jevadrouille.com\/#\/schema\/logo\/image\/\"}}]}<\/script>\n<!-- \/ Yoast SEO plugin. -->","yoast_head_json":{"title":"JM Weston 180 - Vadrouille","robots":{"index":"index","follow":"follow","max-snippet":"max-snippet:-1","max-image-preview":"max-image-preview:large","max-video-preview":"max-video-preview:-1"},"canonical":"https:\/\/www.jevadrouille.com\/produit\/180-63\/","og_locale":"en_US","og_type":"article","og_title":"JM Weston 180 - Vadrouille","og_description":"Le 180 Weston, le Mocassin avec un grand M    Le 180 est sans aucun doute le mod\u00e8le homme de chez J.M. Weston le plus connu. Un classique de la marque, port\u00e9 par les plus grands noms, son intemporalit\u00e9 fait de lui un iconique.   Selon la l\u00e9gende, ce mod\u00e8le en cuir est si pris\u00e9 qu\u2019\u00e0 une certaine \u00e9poque certains disaient que pour \u00e9viter les vols, les livraisons s\u00e9paraient les pieds droit des pieds gauches.   On le surnomme le mocassin des stars, car Gilles Lellouche, Pierre Niney, Vincent Cassel, ou encore Sophie Marceau, portent cette chaussure embl\u00e9matique. Le 180 est le symbole de la marque Weston, il reste un des mod\u00e8les de chaussures qui n'a jamais \u00e9t\u00e9 modifi\u00e9 depuis son lancement dans les ann\u00e9es 30 ou 40, d\u00e9montrant ainsi son intemporalit\u00e9.  Pr\u00e9cisions sur la chaussure :    Les chaussures que vous avez sous les yeux pr\u00e9sentent un cuir de couleur Marron. Cette paire de pointure 6 arbore une semelle cousue Goodyear. Ce montage technique vous assurera des souliers en cuir durables et r\u00e9parables.   Besoin d'un peu d'aide ?   Retrouvez tous nos conseils pour entretenir vos mocassins  Profitez de notre guide des pointures pour choisir la bonne longueur et la bonne taille en largeur (A-B-C-D-E-F-G).  Nous sommes disponibles par message et par mail pour r\u00e9pondre \u00e0 vos questions.   Mail : jevadrouille.com@gmail.com   T\u00e9l\u00e9phone : 07 49 22 89 11  Rumeurs et anecdotes sur le mod\u00e8le 180 Weston    Ce Loafer comme diraient les British, \u00e0 su se construire \u00e0 travers les histoires.   Qui ne s'est pas d\u00e9j\u00e0 demand\u00e9 \u00e0 quoi faisait r\u00e9f\u00e9rence 180 ?   Il s'agit du nombre d'op\u00e9rations n\u00e9cessaires \u00e0 la fabrication de ce mod\u00e8le embl\u00e9matique.   Pourquoi sur Instagram tous les Japonais sont friands du 180 Weston ?   L\u00e0-bas, le succ\u00e8s de ce mocassin est li\u00e9 \u00e0 son usage, il est fait pour \u00eatre d\u00e9chauss\u00e9 facilement, ce qui facilite la vie de tous les japonais qui se d\u00e9chaussent tr\u00e8s souvent (Aspect culturel). Les mocassins en cuir de chez JM Weston seraient donc les plus souples et pratiques ?  Faites nous un retour sur ces beaux mocassins !    Naviguez \u00e0 travers la boutique en ligne hommes et femmes JM Weston et trouvez chaussures \u00e0 vos pieds !  Sp\u00e9cifications techniques ref A2192 --> Pour plus d\u2019informations et d\u00e9tails contactez nous : 07 49 22 89 11","og_url":"https:\/\/www.jevadrouille.com\/produit\/180-63\/","og_site_name":"Vadrouille","article_modified_time":"2026-03-25T20:05:48+00:00","og_image":[{"width":1920,"height":2560,"url":"https:\/\/www.jevadrouille.com\/wp-content\/uploads\/2026\/02\/A2192-1.JPG-scaled.webp","type":"image\/webp"}],"twitter_card":"summary_large_image","twitter_misc":{"Est. reading time":"1 minute"},"schema":{"@context":"https:\/\/schema.org","@graph":[{"@type":"WebPage","@id":"https:\/\/www.jevadrouille.com\/produit\/180-63\/","url":"https:\/\/www.jevadrouille.com\/produit\/180-63\/","name":"JM Weston 180 - Vadrouille","isPartOf":{"@id":"https:\/\/www.jevadrouille.com\/#website"},"primaryImageOfPage":{"@id":"https:\/\/www.jevadrouille.com\/produit\/180-63\/#primaryimage"},"image":{"@id":"https:\/\/www.jevadrouille.com\/produit\/180-63\/#primaryimage"},"thumbnailUrl":"https:\/\/www.jevadrouille.com\/wp-content\/uploads\/2026\/02\/A2192-1.JPG-scaled.webp","datePublished":"2026-02-05T18:29:37+00:00","dateModified":"2026-03-25T20:05:48+00:00","breadcrumb":{"@id":"https:\/\/www.jevadrouille.com\/produit\/180-63\/#breadcrumb"},"inLanguage":"en-US","potentialAction":[{"@type":"ReadAction","target":["https:\/\/www.jevadrouille.com\/produit\/180-63\/"]}]},{"@type":"ImageObject","inLanguage":"en-US","@id":"https:\/\/www.jevadrouille.com\/produit\/180-63\/#primaryimage","url":"https:\/\/www.jevadrouille.com\/wp-content\/uploads\/2026\/02\/A2192-1.JPG-scaled.webp","contentUrl":"https:\/\/www.jevadrouille.com\/wp-content\/uploads\/2026\/02\/A2192-1.JPG-scaled.webp","width":1920,"height":2560},{"@type":"BreadcrumbList","@id":"https:\/\/www.jevadrouille.com\/produit\/180-63\/#breadcrumb","itemListElement":[{"@type":"ListItem","position":1,"name":"Home","item":"https:\/\/www.jevadrouille.com\/"},{"@type":"ListItem","position":2,"name":"Shop","item":"https:\/\/www.jevadrouille.com\/en\/shop\/"},{"@type":"ListItem","position":3,"name":"180"}]},{"@type":"WebSite","@id":"https:\/\/www.jevadrouille.com\/#website","url":"https:\/\/www.jevadrouille.com\/","name":"Vadrouille","description":"Achetez vos chaussures haut de gamme reconditionn\u00e9es","publisher":{"@id":"https:\/\/www.jevadrouille.com\/#organization"},"potentialAction":[{"@type":"SearchAction","target":{"@type":"EntryPoint","urlTemplate":"https:\/\/www.jevadrouille.com\/?s={search_term_string}"},"query-input":{"@type":"PropertyValueSpecification","valueRequired":true,"valueName":"search_term_string"}}],"inLanguage":"en-US"},{"@type":"Organization","@id":"https:\/\/www.jevadrouille.com\/#organization","name":"Vadrouille","url":"https:\/\/www.jevadrouille.com\/","logo":{"@type":"ImageObject","inLanguage":"en-US","@id":"https:\/\/www.jevadrouille.com\/#\/schema\/logo\/image\/","url":"https:\/\/www.jevadrouille.com\/wp-content\/uploads\/2023\/02\/LOGO_VADROUILLE_Q.png","contentUrl":"https:\/\/www.jevadrouille.com\/wp-content\/uploads\/2023\/02\/LOGO_VADROUILLE_Q.png","width":1613,"height":617,"caption":"Vadrouille"},"image":{"@id":"https:\/\/www.jevadrouille.com\/#\/schema\/logo\/image\/"}}]}},"_links":{"self":[{"href":"https:\/\/www.jevadrouille.com\/en\/wp-json\/wp\/v2\/product\/73706","targetHints":{"allow":["GET"]}}],"collection":[{"href":"https:\/\/www.jevadrouille.com\/en\/wp-json\/wp\/v2\/product"}],"about":[{"href":"https:\/\/www.jevadrouille.com\/en\/wp-json\/wp\/v2\/types\/product"}],"replies":[{"embeddable":true,"href":"https:\/\/www.jevadrouille.com\/en\/wp-json\/wp\/v2\/comments?post=73706"}],"wp:featuredmedia":[{"embeddable":true,"href":"https:\/\/www.jevadrouille.com\/en\/wp-json\/wp\/v2\/media\/73794"}],"wp:attachment":[{"href":"https:\/\/www.jevadrouille.com\/en\/wp-json\/wp\/v2\/media?parent=73706"}],"wp:term":[{"taxonomy":"product_brand","embeddable":true,"href":"https:\/\/www.jevadrouille.com\/en\/wp-json\/wp\/v2\/product_brand?post=73706"},{"taxonomy":"product_cat","embeddable":true,"href":"https:\/\/www.jevadrouille.com\/en\/wp-json\/wp\/v2\/product_cat?post=73706"},{"taxonomy":"product_tag","embeddable":true,"href":"https:\/\/www.jevadrouille.com\/en\/wp-json\/wp\/v2\/product_tag?post=73706"}],"curies":[{"name":"wp","href":"https:\/\/api.w.org\/{rel}","templated":true}]}}