{"id":77095,"date":"2026-02-20T17:53:23","date_gmt":"2026-02-20T17:53:23","guid":{"rendered":"https:\/\/www.jevadrouille.com\/produit\/campus-3\/"},"modified":"2026-02-20T18:10:05","modified_gmt":"2026-02-20T18:10:05","slug":"campus-3","status":"publish","type":"product","link":"https:\/\/www.jevadrouille.com\/en\/product\/campus-3\/","title":{"rendered":"Campus"},"content":{"rendered":"<p>Avec la d\u00e9marche Vadrouille, vous mettez en mouvement cette paire de chaussures John Lobb.<\/p>\n<p>Ces chaussures d&#8217;occasion, entretenues avec soin par l&#8217;\u00e9quipe Vadrouille, vivront avec vous le temps d&#8217;une autre vie.<\/p>\n<p>En achetant cette paire de mocassins de chez John Lobb en seconde main, vous faites une belle action.<\/p>\n","protected":false},"excerpt":{"rendered":"<h2><strong>Le mod\u00e8le Campus, le mocassin vintage<\/strong><\/h2>\n<p>\nCette chaussure en cuir cousue goodyear, saura accompagner vos plus belles tenues, mais surtout sans jamais vous laisser tomber, car la durabilit\u00e9, r\u00e9parabilit\u00e9 de cette paire est exceptionnelle.\n<\/p>\n<h2><strong>Un loafer pour homme introuvable<\/strong><\/h2>\n<p>\nCertain cite le campus comme le concurrent du Lopez des ann\u00e9es 50, indisponible aujourd&#8217;hui la marque John Lobb \u00e0 su \u00e9viter la confrontation, faisant du mod\u00e8le campus un introuvable. Il arrive n\u00e9anmoins que certains mod\u00e8les surgissent dans notre catalogue John Lobb, alors jetez un \u0153il avant qu&#8217;il ne soit trop tard.\n<\/p>\n<h3><strong>Besoin d&#8217;aide ?<\/strong><\/h3>\n<\/p>\n<p>Profitez de conseils d&#8217;entretien pour vos mocassins de luxe.<\/p>\n<p>Utilisez le guide des pointures, faites attention aux largeurs, et regardez le tableau John Lobb.<\/p>\n<p>Nous sommes disponibles par message et par mail pour r\u00e9pondre \u00e0 vos questions.<\/p>\n<p>Mail : jevadrouille.com@gmail.com<\/p>\n<p>T\u00e9l\u00e9phone : 07 49 22 89 11<\/p>\n<p><h2><strong> John Lobb n&#8217;est plus qu&#8217;\u00e0 Paris<\/strong><\/h2>\n<p>\nRetrouvez toutes vos John Lobb sur le site Vadrouille, baladez vous et vous d\u00e9couvrirez \u00e9galement d&#8217;autres marques comme JM Weston, Edward green, etc.\n<\/p>\n<p> Sp\u00e9cifications techniques ref A2238 &#8211;> Pour plus d\u2019informations et d\u00e9tails<br \/>\ncontactez nous : 07 49 22 89 11<\/p>\n","protected":false},"featured_media":77302,"comment_status":"closed","ping_status":"closed","template":"","meta":{"_acf_changed":false,"inline_featured_image":false},"product_brand":[],"product_cat":[17,54],"product_tag":[],"class_list":{"0":"post-77095","1":"product","2":"type-product","3":"status-publish","4":"has-post-thumbnail","6":"product_cat-chaussures","7":"product_cat-johnlobb","9":"first","10":"instock","11":"taxable","12":"shipping-taxable","13":"purchasable","14":"product-type-simple"},"acf":[],"yoast_head":"<!-- This site is optimized with the Yoast SEO plugin v27.0 - https:\/\/yoast.com\/product\/yoast-seo-wordpress\/ -->\n<title>John Lobb Campus - Vadrouille<\/title>\n<meta name=\"robots\" content=\"index, follow, max-snippet:-1, max-image-preview:large, max-video-preview:-1\" \/>\n<link rel=\"canonical\" href=\"https:\/\/www.jevadrouille.com\/produit\/campus-3\/\" \/>\n<meta property=\"og:locale\" content=\"en_US\" \/>\n<meta property=\"og:type\" content=\"article\" \/>\n<meta property=\"og:title\" content=\"John Lobb Campus - Vadrouille\" \/>\n<meta property=\"og:description\" content=\"Le mod\u00e8le Campus, le mocassin vintage    Cette chaussure en cuir cousue goodyear, saura accompagner vos plus belles tenues, mais surtout sans jamais vous laisser tomber, car la durabilit\u00e9, r\u00e9parabilit\u00e9 de cette paire est exceptionnelle.   Un loafer pour homme introuvable    Certain cite le campus comme le concurrent du Lopez des ann\u00e9es 50, indisponible aujourd&#039;hui la marque John Lobb \u00e0 su \u00e9viter la confrontation, faisant du mod\u00e8le campus un introuvable. Il arrive n\u00e9anmoins que certains mod\u00e8les surgissent dans notre catalogue John Lobb, alors jetez un \u0153il avant qu&#039;il ne soit trop tard.   Besoin d&#039;aide ?     Profitez de conseils d&#039;entretien pour vos mocassins de luxe.  Utilisez le guide des pointures, faites attention aux largeurs, et regardez le tableau John Lobb.  Nous sommes disponibles par message et par mail pour r\u00e9pondre \u00e0 vos questions.  Mail : jevadrouille.com@gmail.com  T\u00e9l\u00e9phone : 07 49 22 89 11    John Lobb n&#039;est plus qu&#039;\u00e0 Paris    Retrouvez toutes vos John Lobb sur le site Vadrouille, baladez vous et vous d\u00e9couvrirez \u00e9galement d&#039;autres marques comme JM Weston, Edward green, etc.  Sp\u00e9cifications techniques ref A2238 --&gt; Pour plus d\u2019informations et d\u00e9tails contactez nous : 07 49 22 89 11\" \/>\n<meta property=\"og:url\" content=\"https:\/\/www.jevadrouille.com\/produit\/campus-3\/\" \/>\n<meta property=\"og:site_name\" content=\"Vadrouille\" \/>\n<meta property=\"article:modified_time\" content=\"2026-02-20T18:10:05+00:00\" \/>\n<meta property=\"og:image\" content=\"https:\/\/www.jevadrouille.com\/wp-content\/uploads\/2026\/02\/A2238-1.JPG-scaled.webp\" \/>\n\t<meta property=\"og:image:width\" content=\"1920\" \/>\n\t<meta property=\"og:image:height\" content=\"2560\" \/>\n\t<meta property=\"og:image:type\" content=\"image\/webp\" \/>\n<meta name=\"twitter:card\" content=\"summary_large_image\" \/>\n<meta name=\"twitter:label1\" content=\"Est. reading time\" \/>\n\t<meta name=\"twitter:data1\" content=\"1 minute\" \/>\n<script type=\"application\/ld+json\" class=\"yoast-schema-graph\">{\"@context\":\"https:\/\/schema.org\",\"@graph\":[{\"@type\":\"WebPage\",\"@id\":\"https:\/\/www.jevadrouille.com\/produit\/campus-3\/\",\"url\":\"https:\/\/www.jevadrouille.com\/produit\/campus-3\/\",\"name\":\"John Lobb Campus - Vadrouille\",\"isPartOf\":{\"@id\":\"https:\/\/www.jevadrouille.com\/#website\"},\"primaryImageOfPage\":{\"@id\":\"https:\/\/www.jevadrouille.com\/produit\/campus-3\/#primaryimage\"},\"image\":{\"@id\":\"https:\/\/www.jevadrouille.com\/produit\/campus-3\/#primaryimage\"},\"thumbnailUrl\":\"https:\/\/www.jevadrouille.com\/wp-content\/uploads\/2026\/02\/A2238-1.JPG-scaled.webp\",\"datePublished\":\"2026-02-20T17:53:23+00:00\",\"dateModified\":\"2026-02-20T18:10:05+00:00\",\"breadcrumb\":{\"@id\":\"https:\/\/www.jevadrouille.com\/produit\/campus-3\/#breadcrumb\"},\"inLanguage\":\"en-US\",\"potentialAction\":[{\"@type\":\"ReadAction\",\"target\":[\"https:\/\/www.jevadrouille.com\/produit\/campus-3\/\"]}]},{\"@type\":\"ImageObject\",\"inLanguage\":\"en-US\",\"@id\":\"https:\/\/www.jevadrouille.com\/produit\/campus-3\/#primaryimage\",\"url\":\"https:\/\/www.jevadrouille.com\/wp-content\/uploads\/2026\/02\/A2238-1.JPG-scaled.webp\",\"contentUrl\":\"https:\/\/www.jevadrouille.com\/wp-content\/uploads\/2026\/02\/A2238-1.JPG-scaled.webp\",\"width\":1920,\"height\":2560},{\"@type\":\"BreadcrumbList\",\"@id\":\"https:\/\/www.jevadrouille.com\/produit\/campus-3\/#breadcrumb\",\"itemListElement\":[{\"@type\":\"ListItem\",\"position\":1,\"name\":\"Home\",\"item\":\"https:\/\/www.jevadrouille.com\/\"},{\"@type\":\"ListItem\",\"position\":2,\"name\":\"Shop\",\"item\":\"https:\/\/www.jevadrouille.com\/en\/shop\/\"},{\"@type\":\"ListItem\",\"position\":3,\"name\":\"Campus\"}]},{\"@type\":\"WebSite\",\"@id\":\"https:\/\/www.jevadrouille.com\/#website\",\"url\":\"https:\/\/www.jevadrouille.com\/\",\"name\":\"Vadrouille\",\"description\":\"Achetez vos chaussures haut de gamme reconditionn\u00e9es\",\"publisher\":{\"@id\":\"https:\/\/www.jevadrouille.com\/#organization\"},\"potentialAction\":[{\"@type\":\"SearchAction\",\"target\":{\"@type\":\"EntryPoint\",\"urlTemplate\":\"https:\/\/www.jevadrouille.com\/?s={search_term_string}\"},\"query-input\":{\"@type\":\"PropertyValueSpecification\",\"valueRequired\":true,\"valueName\":\"search_term_string\"}}],\"inLanguage\":\"en-US\"},{\"@type\":\"Organization\",\"@id\":\"https:\/\/www.jevadrouille.com\/#organization\",\"name\":\"Vadrouille\",\"url\":\"https:\/\/www.jevadrouille.com\/\",\"logo\":{\"@type\":\"ImageObject\",\"inLanguage\":\"en-US\",\"@id\":\"https:\/\/www.jevadrouille.com\/#\/schema\/logo\/image\/\",\"url\":\"https:\/\/www.jevadrouille.com\/wp-content\/uploads\/2023\/02\/LOGO_VADROUILLE_Q.png\",\"contentUrl\":\"https:\/\/www.jevadrouille.com\/wp-content\/uploads\/2023\/02\/LOGO_VADROUILLE_Q.png\",\"width\":1613,\"height\":617,\"caption\":\"Vadrouille\"},\"image\":{\"@id\":\"https:\/\/www.jevadrouille.com\/#\/schema\/logo\/image\/\"}}]}<\/script>\n<!-- \/ Yoast SEO plugin. -->","yoast_head_json":{"title":"John Lobb Campus - Vadrouille","robots":{"index":"index","follow":"follow","max-snippet":"max-snippet:-1","max-image-preview":"max-image-preview:large","max-video-preview":"max-video-preview:-1"},"canonical":"https:\/\/www.jevadrouille.com\/produit\/campus-3\/","og_locale":"en_US","og_type":"article","og_title":"John Lobb Campus - Vadrouille","og_description":"Le mod\u00e8le Campus, le mocassin vintage    Cette chaussure en cuir cousue goodyear, saura accompagner vos plus belles tenues, mais surtout sans jamais vous laisser tomber, car la durabilit\u00e9, r\u00e9parabilit\u00e9 de cette paire est exceptionnelle.   Un loafer pour homme introuvable    Certain cite le campus comme le concurrent du Lopez des ann\u00e9es 50, indisponible aujourd'hui la marque John Lobb \u00e0 su \u00e9viter la confrontation, faisant du mod\u00e8le campus un introuvable. Il arrive n\u00e9anmoins que certains mod\u00e8les surgissent dans notre catalogue John Lobb, alors jetez un \u0153il avant qu'il ne soit trop tard.   Besoin d'aide ?     Profitez de conseils d'entretien pour vos mocassins de luxe.  Utilisez le guide des pointures, faites attention aux largeurs, et regardez le tableau John Lobb.  Nous sommes disponibles par message et par mail pour r\u00e9pondre \u00e0 vos questions.  Mail : jevadrouille.com@gmail.com  T\u00e9l\u00e9phone : 07 49 22 89 11    John Lobb n'est plus qu'\u00e0 Paris    Retrouvez toutes vos John Lobb sur le site Vadrouille, baladez vous et vous d\u00e9couvrirez \u00e9galement d'autres marques comme JM Weston, Edward green, etc.  Sp\u00e9cifications techniques ref A2238 --> Pour plus d\u2019informations et d\u00e9tails contactez nous : 07 49 22 89 11","og_url":"https:\/\/www.jevadrouille.com\/produit\/campus-3\/","og_site_name":"Vadrouille","article_modified_time":"2026-02-20T18:10:05+00:00","og_image":[{"width":1920,"height":2560,"url":"https:\/\/www.jevadrouille.com\/wp-content\/uploads\/2026\/02\/A2238-1.JPG-scaled.webp","type":"image\/webp"}],"twitter_card":"summary_large_image","twitter_misc":{"Est. reading time":"1 minute"},"schema":{"@context":"https:\/\/schema.org","@graph":[{"@type":"WebPage","@id":"https:\/\/www.jevadrouille.com\/produit\/campus-3\/","url":"https:\/\/www.jevadrouille.com\/produit\/campus-3\/","name":"John Lobb Campus - Vadrouille","isPartOf":{"@id":"https:\/\/www.jevadrouille.com\/#website"},"primaryImageOfPage":{"@id":"https:\/\/www.jevadrouille.com\/produit\/campus-3\/#primaryimage"},"image":{"@id":"https:\/\/www.jevadrouille.com\/produit\/campus-3\/#primaryimage"},"thumbnailUrl":"https:\/\/www.jevadrouille.com\/wp-content\/uploads\/2026\/02\/A2238-1.JPG-scaled.webp","datePublished":"2026-02-20T17:53:23+00:00","dateModified":"2026-02-20T18:10:05+00:00","breadcrumb":{"@id":"https:\/\/www.jevadrouille.com\/produit\/campus-3\/#breadcrumb"},"inLanguage":"en-US","potentialAction":[{"@type":"ReadAction","target":["https:\/\/www.jevadrouille.com\/produit\/campus-3\/"]}]},{"@type":"ImageObject","inLanguage":"en-US","@id":"https:\/\/www.jevadrouille.com\/produit\/campus-3\/#primaryimage","url":"https:\/\/www.jevadrouille.com\/wp-content\/uploads\/2026\/02\/A2238-1.JPG-scaled.webp","contentUrl":"https:\/\/www.jevadrouille.com\/wp-content\/uploads\/2026\/02\/A2238-1.JPG-scaled.webp","width":1920,"height":2560},{"@type":"BreadcrumbList","@id":"https:\/\/www.jevadrouille.com\/produit\/campus-3\/#breadcrumb","itemListElement":[{"@type":"ListItem","position":1,"name":"Home","item":"https:\/\/www.jevadrouille.com\/"},{"@type":"ListItem","position":2,"name":"Shop","item":"https:\/\/www.jevadrouille.com\/en\/shop\/"},{"@type":"ListItem","position":3,"name":"Campus"}]},{"@type":"WebSite","@id":"https:\/\/www.jevadrouille.com\/#website","url":"https:\/\/www.jevadrouille.com\/","name":"Vadrouille","description":"Achetez vos chaussures haut de gamme reconditionn\u00e9es","publisher":{"@id":"https:\/\/www.jevadrouille.com\/#organization"},"potentialAction":[{"@type":"SearchAction","target":{"@type":"EntryPoint","urlTemplate":"https:\/\/www.jevadrouille.com\/?s={search_term_string}"},"query-input":{"@type":"PropertyValueSpecification","valueRequired":true,"valueName":"search_term_string"}}],"inLanguage":"en-US"},{"@type":"Organization","@id":"https:\/\/www.jevadrouille.com\/#organization","name":"Vadrouille","url":"https:\/\/www.jevadrouille.com\/","logo":{"@type":"ImageObject","inLanguage":"en-US","@id":"https:\/\/www.jevadrouille.com\/#\/schema\/logo\/image\/","url":"https:\/\/www.jevadrouille.com\/wp-content\/uploads\/2023\/02\/LOGO_VADROUILLE_Q.png","contentUrl":"https:\/\/www.jevadrouille.com\/wp-content\/uploads\/2023\/02\/LOGO_VADROUILLE_Q.png","width":1613,"height":617,"caption":"Vadrouille"},"image":{"@id":"https:\/\/www.jevadrouille.com\/#\/schema\/logo\/image\/"}}]}},"_links":{"self":[{"href":"https:\/\/www.jevadrouille.com\/en\/wp-json\/wp\/v2\/product\/77095","targetHints":{"allow":["GET"]}}],"collection":[{"href":"https:\/\/www.jevadrouille.com\/en\/wp-json\/wp\/v2\/product"}],"about":[{"href":"https:\/\/www.jevadrouille.com\/en\/wp-json\/wp\/v2\/types\/product"}],"replies":[{"embeddable":true,"href":"https:\/\/www.jevadrouille.com\/en\/wp-json\/wp\/v2\/comments?post=77095"}],"wp:featuredmedia":[{"embeddable":true,"href":"https:\/\/www.jevadrouille.com\/en\/wp-json\/wp\/v2\/media\/77302"}],"wp:attachment":[{"href":"https:\/\/www.jevadrouille.com\/en\/wp-json\/wp\/v2\/media?parent=77095"}],"wp:term":[{"taxonomy":"product_brand","embeddable":true,"href":"https:\/\/www.jevadrouille.com\/en\/wp-json\/wp\/v2\/product_brand?post=77095"},{"taxonomy":"product_cat","embeddable":true,"href":"https:\/\/www.jevadrouille.com\/en\/wp-json\/wp\/v2\/product_cat?post=77095"},{"taxonomy":"product_tag","embeddable":true,"href":"https:\/\/www.jevadrouille.com\/en\/wp-json\/wp\/v2\/product_tag?post=77095"}],"curies":[{"name":"wp","href":"https:\/\/api.w.org\/{rel}","templated":true}]}}